{"id":2163,"date":"2021-01-14T19:04:57","date_gmt":"2021-01-14T14:04:57","guid":{"rendered":"https:\/\/stcmovers.com\/st-bruno-movers\/"},"modified":"2021-03-01T23:50:10","modified_gmt":"2021-03-01T18:50:10","slug":"demenagement-st-bruno","status":"publish","type":"page","link":"https:\/\/stcmovers.com\/fr\/demenagement-st-bruno\/","title":{"rendered":"D\u00e9m\u00e9nagement St-Bruno"},"content":{"rendered":"<section class=\"wpb-content-wrapper\">[mk_page_section bg_image=\u00a0\u00bbhttps:\/\/stcmovers.com\/wp-content\/uploads\/demenageurs-professionnels-refrigerateur-opt.jpg\u00a0\u00bb bg_position=\u00a0\u00bbcenter top\u00a0\u00bb bg_repeat=\u00a0\u00bbno-repeat\u00a0\u00bb bg_stretch=\u00a0\u00bbtrue\u00a0\u00bb video_color_mask=\u00a0\u00bb#000000&Prime; video_opacity=\u00a0\u00bb0.3&Prime; min_height=\u00a0\u00bb400&Prime; js_vertical_centered=\u00a0\u00bbtrue\u00a0\u00bb padding_top=\u00a0\u00bb0&Prime; padding_bottom=\u00a0\u00bb0&Prime; sidebar=\u00a0\u00bbsidebar-1&Prime;][vc_column width=\u00a0\u00bb1\/2&Prime;][mk_padding_divider size=\u00a0\u00bb150&Prime; visibility=\u00a0\u00bbhidden-sm\u00a0\u00bb][mk_fancy_title tag_name=\u00a0\u00bbspan\u00a0\u00bb color=\u00a0\u00bb#ffffff\u00a0\u00bb size=\u00a0\u00bb44&Prime; force_font_size=\u00a0\u00bbtrue\u00a0\u00bb size_tablet=\u00a0\u00bb36&Prime; size_phone=\u00a0\u00bb30&Prime; font_weight=\u00a0\u00bbbold\u00a0\u00bb txt_transform=\u00a0\u00bbnone\u00a0\u00bb margin_bottom=\u00a0\u00bb0&Prime; font_family=\u00a0\u00bbnone\u00a0\u00bb animation=\u00a0\u00bbleft-to-right\u00a0\u00bb]Pour am\u00e9nager vers, ou d\u00e9m\u00e9nager de, St-Bruno, faites-appel \u00e0 notre \u00e9quipe [\/mk_fancy_title][mk_button dimension=\u00a0\u00bbflat\u00a0\u00bb size=\u00a0\u00bblarge\u00a0\u00bb url=\u00a0\u00bb\/fr\/estimer-le-prix\/\u00a0\u00bb bg_color=\u00a0\u00bb#ff6100&Prime; btn_hover_bg=\u00a0\u00bb#332756&Prime; btn_hover_txt_color=\u00a0\u00bb#ffffff\u00a0\u00bb]Demander un devis gratuit[\/mk_button][mk_button dimension=\u00a0\u00bbflat\u00a0\u00bb size=\u00a0\u00bblarge\u00a0\u00bb url=\u00a0\u00bbtel:+14388770455&Prime; visibility=\u00a0\u00bbvisible-sm\u00a0\u00bb bg_color=\u00a0\u00bb#ff6100&Prime; btn_hover_bg=\u00a0\u00bb#332756&Prime; btn_hover_txt_color=\u00a0\u00bb#ffffff\u00a0\u00bb](438) 877-0455[\/mk_button][mk_padding_divider size=\u00a0\u00bb150&Prime; visibility=\u00a0\u00bbhidden-sm\u00a0\u00bb][\/vc_column][vc_column width=\u00a0\u00bb1\/2&Prime;][\/vc_column][\/mk_page_section][vc_row][vc_column][mk_padding_divider size=\u00a0\u00bb100&Prime;][\/vc_column][\/vc_row][vc_row][vc_column width=\u00a0\u00bb7\/12&Prime;][mk_padding_divider visibility=\u00a0\u00bbvisible-sm\u00a0\u00bb][mk_fancy_title tag_name=\u00a0\u00bbh1&Prime; color=\u00a0\u00bb#ff6100&Prime; size=\u00a0\u00bb22&Prime; font_weight=\u00a0\u00bb400&Prime; txt_transform=\u00a0\u00bbnone\u00a0\u00bb margin_bottom=\u00a0\u00bb0&Prime; font_family=\u00a0\u00bbnone\u00a0\u00bb animation=\u00a0\u00bbright-to-left\u00a0\u00bb]Des d\u00e9m\u00e9nageurs professionnels \u00e0 <strong>St-Bruno<\/strong>[\/mk_fancy_title][mk_divider style=\u00a0\u00bbthin_solid\u00a0\u00bb divider_width=\u00a0\u00bbcustom_width\u00a0\u00bb custom_width=\u00a0\u00bb50&Prime; align=\u00a0\u00bbleft\u00a0\u00bb thin_single_color=\u00a0\u00bb#ff6100&Prime; thickness=\u00a0\u00bb2&Prime; margin_top=\u00a0\u00bb10&Prime; visibility=\u00a0\u00bbhidden-sm\u00a0\u00bb animation=\u00a0\u00bbright-to-left\u00a0\u00bb][mk_fancy_title color=\u00a0\u00bb#332756&Prime; size=\u00a0\u00bb30&Prime; force_font_size=\u00a0\u00bbtrue\u00a0\u00bb size_tablet=\u00a0\u00bb20&Prime; size_phone=\u00a0\u00bb20&Prime; font_weight=\u00a0\u00bb400&Prime; txt_transform=\u00a0\u00bbnone\u00a0\u00bb margin_top=\u00a0\u00bb20&Prime; font_family=\u00a0\u00bbnone\u00a0\u00bb responsive_align=\u00a0\u00bbleft\u00a0\u00bb animation=\u00a0\u00bbleft-to-right\u00a0\u00bb]Un changement d\u2019adresse pour votre demeure ou votre entreprise?[\/mk_fancy_title][mk_fancy_title color=\u00a0\u00bb#ff6100&Prime; size=\u00a0\u00bb22&Prime; font_weight=\u00a0\u00bb400&Prime; txt_transform=\u00a0\u00bbnone\u00a0\u00bb margin_bottom=\u00a0\u00bb0&Prime; font_family=\u00a0\u00bbnone\u00a0\u00bb animation=\u00a0\u00bbright-to-left\u00a0\u00bb]Si St-Bruno est dans votre radar, fiez-vous \u00e0 nous pour vous d\u00e9m\u00e9nager. [\/mk_fancy_title][vc_column_text animation=\u00a0\u00bbright-to-left\u00a0\u00bb css=\u00a0\u00bb.vc_custom_1614624348271{margin-bottom: 0px !important;}\u00a0\u00bb]Quel que soit votre besoin de relocalisation, les d\u00e9m\u00e9nageurs de STC peuvent vous rendre un grand service. Du changement de domicile au d\u00e9m\u00e9nagement de votre entreprise, nous sommes des d\u00e9m\u00e9nageurs exp\u00e9riment\u00e9s qui s&rsquo;occuperont de vos affaires et les transporteront en toute s\u00e9curit\u00e9 du point A au point B.<\/p>\n<p>Si vous d\u00e9m\u00e9nagez \u00e0 St-Bruno ou dans ses environs, nous intervenons pour vous simplifier la vie. Du d\u00e9but \u00e0 la fin, nos services comprennent l&#8217;emballage, le d\u00e9m\u00e9nagement d&rsquo;absolument tout (y compris les objets lourds et sp\u00e9cialis\u00e9s), le d\u00e9ballage si vous le souhaitez, ainsi que l&rsquo;entreposage des objets que vous souhaitez conserver, pendant la transition.<br \/>\n[\/vc_column_text][\/vc_column][vc_column width=\u00a0\u00bb5\/12&Prime;][vc_single_image image=\u00a0\u00bb251&Prime; img_size=\u00a0\u00bb800&#215;800&Prime;][\/vc_column][\/vc_row][vc_row][vc_column][mk_padding_divider size=\u00a0\u00bb100&Prime;][\/vc_column][\/vc_row][vc_row][vc_column width=\u00a0\u00bb5\/12&Prime;][vc_single_image image=\u00a0\u00bb994&Prime; img_size=\u00a0\u00bb800&#215;800&Prime;][\/vc_column][vc_column width=\u00a0\u00bb7\/12&Prime;][mk_padding_divider visibility=\u00a0\u00bbvisible-sm\u00a0\u00bb][mk_fancy_title color=\u00a0\u00bb#ff6100&Prime; size=\u00a0\u00bb22&Prime; font_weight=\u00a0\u00bb400&Prime; txt_transform=\u00a0\u00bbnone\u00a0\u00bb margin_bottom=\u00a0\u00bb0&Prime; font_family=\u00a0\u00bbnone\u00a0\u00bb animation=\u00a0\u00bbright-to-left\u00a0\u00bb]Pour vous, nous pouvons[\/mk_fancy_title][mk_divider style=\u00a0\u00bbthin_solid\u00a0\u00bb divider_width=\u00a0\u00bbcustom_width\u00a0\u00bb custom_width=\u00a0\u00bb50&Prime; align=\u00a0\u00bbleft\u00a0\u00bb thin_single_color=\u00a0\u00bb#ff6100&Prime; thickness=\u00a0\u00bb2&Prime; margin_top=\u00a0\u00bb10&Prime; visibility=\u00a0\u00bbhidden-sm\u00a0\u00bb animation=\u00a0\u00bbright-to-left\u00a0\u00bb][mk_custom_list animation=\u00a0\u00bbleft-to-right\u00a0\u00bb]\n<ul>\n<li><strong>Emballer, puis d\u00e9baller<\/strong><br \/>\nLa plupart des gens n&rsquo;aiment pas faire leurs bo\u00eetes. Cela prend du temps et il est g\u00e9n\u00e9ralement plus agr\u00e9able de d\u00e9baller ses affaires, un coup rendu sur place. Quel que soit votre sentiment, permettez-nous de vous aider, si vous en avez besoin.<\/li>\n<li><strong>Portez le poids<\/strong><br \/>\nAvec les comp\u00e9tences, l&rsquo;exp\u00e9rience et l&rsquo;\u00e9quipement appropri\u00e9s, notre \u00e9quipe peut facilement d\u00e9placer des objets lourds ou encombrants, en toute s\u00e9curit\u00e9. Sauvons votre dos et vos affaires.<\/li>\n<li><strong>Assurer la livraison pour les ventes en ligne<\/strong><br \/>\nD\u00e9m\u00e9nager signifie souvent se d\u00e9barrasser de certaines choses (ou acheter quelque chose de nouveau). Si vous avez achet\u00e9 ou vendu un objet quelconque et que vous devez le d\u00e9m\u00e9nager, nous vous aiderons \u00e0 le faire.<\/li>\n<li><strong>Assurez que tout trouve sa place<\/strong><br \/>\nLes bo\u00eetes sont emball\u00e9es, les valises sont sur le bord de la porte, puis vous regardez le camion. Comment faire pour tout rentrer ? C&rsquo;est l\u00e0 que nous intervenons. Nous le faisons tous les jours et savons comment optimiser l&rsquo;espace, sans rien endommager.<\/li>\n<li><strong>D\u00e9placer des pianos, des tables de billard et d&rsquo;autres articles sp\u00e9cialis\u00e9s<\/strong><br \/>\nCertains articles n\u00e9cessitent de l&rsquo;exp\u00e9rience et du savoir-faire. Assurez-vous que les choses importantes sont d\u00e9plac\u00e9es par des experts qui savent comment s\u2019y prendre.<\/li>\n<\/ul>\n[\/mk_custom_list][\/vc_column][\/vc_row][vc_row][vc_column][mk_padding_divider size=\u00a0\u00bb100&Prime;][\/vc_column][\/vc_row][vc_row][vc_column width=\u00a0\u00bb7\/12&Prime;][mk_padding_divider visibility=\u00a0\u00bbvisible-sm\u00a0\u00bb][mk_fancy_title color=\u00a0\u00bb#ff6100&Prime; size=\u00a0\u00bb22&Prime; font_weight=\u00a0\u00bb400&Prime; txt_transform=\u00a0\u00bbnone\u00a0\u00bb margin_bottom=\u00a0\u00bb0&Prime; font_family=\u00a0\u00bbnone\u00a0\u00bb animation=\u00a0\u00bbright-to-left\u00a0\u00bb]D\u00e9m\u00e9nagement commercial \u00e0 St-Bruno[\/mk_fancy_title][mk_divider style=\u00a0\u00bbthin_solid\u00a0\u00bb divider_width=\u00a0\u00bbcustom_width\u00a0\u00bb custom_width=\u00a0\u00bb50&Prime; align=\u00a0\u00bbleft\u00a0\u00bb thin_single_color=\u00a0\u00bb#ff6100&Prime; thickness=\u00a0\u00bb2&Prime; margin_top=\u00a0\u00bb10&Prime; visibility=\u00a0\u00bbhidden-sm\u00a0\u00bb animation=\u00a0\u00bbright-to-left\u00a0\u00bb][vc_column_text animation=\u00a0\u00bbright-to-left\u00a0\u00bb css=\u00a0\u00bb.vc_custom_1614624522213{margin-bottom: 0px !important;}\u00a0\u00bb]Les services ci-dessus s&rsquo;appliquent aux d\u00e9m\u00e9nagements personnels, mais nous sommes \u00e9galement des <a href=\"https:\/\/stcmovers.com\/fr\/demenagement-commercial\/\">d\u00e9m\u00e9nageurs commerciaux<\/a>. Et en tant que propri\u00e9taires, nous savons que vous \u00eates soucieux de vous installer le plus rapidement possible. Le temps, c&rsquo;est de l&rsquo;argent, et plus vite vous vous installerez dans votre nouveau lieu de travail, mieux ce sera pour vous.<\/p>\n<p>La relocalisation ou l\u2019installation d&rsquo;une premi\u00e8re entreprise exige une planification minutieuse, une grande fiabilit\u00e9 et des comp\u00e9tences particuli\u00e8res. Faites-nous confiance pour vous livrer exactement \u00e7a.<\/p>\n<p>Si vous avez besoin de d\u00e9m\u00e9nageurs \u00e0 St-Bruno, nous sommes pr\u00eats et disponibles pour faire le travail, d\u00e8s que vous aurez besoin de nous.<br \/>\n[\/vc_column_text][\/vc_column][vc_column width=\u00a0\u00bb5\/12&Prime;][vc_single_image image=\u00a0\u00bb290&Prime; img_size=\u00a0\u00bb800&#215;800&Prime;][\/vc_column][\/vc_row][vc_row][vc_column][mk_padding_divider size=\u00a0\u00bb100&Prime;][\/vc_column][\/vc_row][vc_row][vc_column width=\u00a0\u00bb5\/12&Prime;][vc_single_image image=\u00a0\u00bb1927&Prime; img_size=\u00a0\u00bb800&#215;1000&Prime;][\/vc_column][vc_column width=\u00a0\u00bb7\/12&Prime;][mk_padding_divider visibility=\u00a0\u00bbvisible-sm\u00a0\u00bb][mk_fancy_title color=\u00a0\u00bb#ff6100&Prime; size=\u00a0\u00bb22&Prime; font_weight=\u00a0\u00bb400&Prime; txt_transform=\u00a0\u00bbnone\u00a0\u00bb margin_bottom=\u00a0\u00bb0&Prime; font_family=\u00a0\u00bbnone\u00a0\u00bb animation=\u00a0\u00bbright-to-left\u00a0\u00bb]D\u00e9m\u00e9nager \u00e0 Saint-Bruno : ce que vous devez savoir sur la ville[\/mk_fancy_title][mk_divider style=\u00a0\u00bbthin_solid\u00a0\u00bb divider_width=\u00a0\u00bbcustom_width\u00a0\u00bb custom_width=\u00a0\u00bb50&Prime; align=\u00a0\u00bbleft\u00a0\u00bb thin_single_color=\u00a0\u00bb#ff6100&Prime; thickness=\u00a0\u00bb2&Prime; margin_top=\u00a0\u00bb10&Prime; visibility=\u00a0\u00bbhidden-sm\u00a0\u00bb animation=\u00a0\u00bbright-to-left\u00a0\u00bb][vc_column_text animation=\u00a0\u00bbright-to-left\u00a0\u00bb css=\u00a0\u00bb.vc_custom_1614624570955{margin-bottom: 0px !important;}\u00a0\u00bb]St-Bruno s&rsquo;appelle en fait Saint-Bruno-de-Montarville. Nich\u00e9e au pied du Mont-Saint-Bruno, qui abrite un parc national de la Sepaq et la plus grande \u00e9cole de ski alpin du Qu\u00e9bec, elle se situe \u00e0 la jonction de l&rsquo;autoroute 30 et de la route 116, un emplacement de choix sur la Rive-Sud de Montr\u00e9al. Vivante et verdoyante, la communaut\u00e9 offre une multitude d&rsquo;activit\u00e9s sportives et culturelles dans un cadre enchanteur !<\/p>\n<p>Bien que nos bureaux soient situ\u00e9s \u00e0 St-Hubert, nous sommes \u00e0 proximit\u00e9 et connaissons bien les environs. Si vous d\u00e9m\u00e9nagez avec votre famille, vous serez heureux de savoir qu&rsquo;il y a de bonnes \u00e9coles, beaucoup de restaurants et des activit\u00e9s de plein air pour tous les go\u00fbts. De plus, sa proximit\u00e9 \u00e0 Montr\u00e9al est pratique et avantageuse.<br \/>\n[\/vc_column_text][\/vc_column][\/vc_row][vc_row][vc_column][mk_padding_divider size=\u00a0\u00bb100&Prime;][\/vc_column][\/vc_row][mk_page_section bg_color=\u00a0\u00bb#ff6100&Prime; blend_mode=\u00a0\u00bbmultiply\u00a0\u00bb bg_repeat=\u00a0\u00bbno-repeat\u00a0\u00bb min_height=\u00a0\u00bb140&Prime; sidebar=\u00a0\u00bbsidebar-1&Prime;][vc_column width=\u00a0\u00bb2\/3&Prime;][mk_padding_divider visibility=\u00a0\u00bbvisible-sm\u00a0\u00bb][mk_fancy_title tag_name=\u00a0\u00bbh4&Prime; color=\u00a0\u00bb#ffffff\u00a0\u00bb size=\u00a0\u00bb28&Prime; force_font_size=\u00a0\u00bbtrue\u00a0\u00bb size_tablet=\u00a0\u00bb20&Prime; size_phone=\u00a0\u00bb25&Prime; font_weight=\u00a0\u00bbbold\u00a0\u00bb txt_transform=\u00a0\u00bbnone\u00a0\u00bb margin_top=\u00a0\u00bb40&Prime; margin_bottom=\u00a0\u00bb0&Prime; font_family=\u00a0\u00bbnone\u00a0\u00bb animation=\u00a0\u00bbleft-to-right\u00a0\u00bb]D\u00e9m\u00e9nagez-vous \u00e0, ou de, St-Bruno?[\/mk_fancy_title][mk_padding_divider visibility=\u00a0\u00bbvisible-sm\u00a0\u00bb][vc_raw_js]JTNDc2NyaXB0JTIwdHlwZSUzRCUyN2FwcGxpY2F0aW9uJTJGbGQlMkJqc29uJTI3JTNFJTBBJTdCJTBBJTIyJTQwY29udGV4dCUyMiUzQSUyMCUyMmh0dHAlM0ElMkYlMkZ3d3cuc2NoZW1hLm9yZyUyMiUyQyUwQSUyMiU0MHR5cGUlMjIlM0ElMjAlMjJNb3ZpbmdDb21wYW55JTIyJTJDJTBBJTIyJTQwaWQlMjIlM0ElMjAlMjJodHRwcyUzQSUyRiUyRnN0Y21vdmVycy5jb20lMkYlMjNjb21wYW55JTIyJTJDJTBBJTIybmFtZSUyMiUzQSUyMCUyMlNUQyUyME1vdmVycyUyMiUyQyUwQSUyMnVybCUyMiUzQSUyMCUyMmh0dHBzJTNBJTJGJTJGc3RjbW92ZXJzLmNvbSUyRnN0LWJydW5vLW1vdmVycyUyRiUyMiUyQyUwQSUyMmltYWdlJTIyJTNBJTIwJTIyaHR0cHMlM0ElMkYlMkZzdGNtb3ZlcnMuY29tJTJGd3AtY29udGVudCUyRnVwbG9hZHMlMkZtb3Zpbmctc3QtYnJ1bm8tb3B0LmpwZyUyMiUyQyUwQSUyMnRlbGVwaG9uZSUyMiUzQSUyMCUyMiUyODUxNCUyOSUyMDQxOC00NDY2JTIyJTJDJTBBJTIycHJpY2VSYW5nZSUyMiUzQSUyMCUyMnN1ciUyMGRlbWFuZGUlMjAtJTIwdXBvbiUyMHJlcXVlc3QlMjIlMkMlMEElMjJhZGRyZXNzJTIyJTNBJTIwJTdCJTBBJTIyJTQwdHlwZSUyMiUzQSUyMCUyMlBvc3RhbEFkZHJlc3MlMjIlMkMlMEElMjJzdHJlZXRBZGRyZXNzJTIyJTNBJTIwJTIyMjI4NSUyMFJ1ZSUyMEJyJUMzJUE5YmV1ZiUyMCUyMzklMjIlMkMlMEElMjJhZGRyZXNzTG9jYWxpdHklMjIlM0ElMjAlMjJMb25ndWV1aWwlMjIlMkMlMEElMjJhZGRyZXNzUmVnaW9uJTIyJTNBJTIwJTIyUUMlMjIlMkMlMEElMjJwb3N0YWxDb2RlJTIyJTNBJTIwJTIySjRKJTIwM1A5JTIyJTBBJTdEJTBBJTdEJTBBJTNDJTJGc2NyaXB0JTNFJTBB[\/vc_raw_js][\/vc_column][vc_column width=\u00a0\u00bb1\/3&Prime;][mk_padding_divider size=\u00a0\u00bb30&Prime; visibility=\u00a0\u00bbhidden-sm\u00a0\u00bb][mk_button dimension=\u00a0\u00bbflat\u00a0\u00bb size=\u00a0\u00bblarge\u00a0\u00bb letter_spacing=\u00a0\u00bb1&Prime; url=\u00a0\u00bb\/fr\/joindre-demenagement-stc-montreal-rive-sud\/\u00a0\u00bb align=\u00a0\u00bbright\u00a0\u00bb margin_bottom=\u00a0\u00bb0&Prime; margin_right=\u00a0\u00bb0&Prime; bg_color=\u00a0\u00bb#ffffff\u00a0\u00bb btn_hover_bg=\u00a0\u00bb#332756&Prime; text_color=\u00a0\u00bbdark\u00a0\u00bb btn_hover_txt_color=\u00a0\u00bb#ffffff\u00a0\u00bb]Contactez-nous d\u00e8s maintenant[\/mk_button][mk_padding_divider visibility=\u00a0\u00bbvisible-sm\u00a0\u00bb][\/vc_column][\/mk_page_section]\n<\/section>","protected":false},"excerpt":{"rendered":"<p>[mk_page_section bg_image=\u00a0\u00bbhttps:\/\/stcmovers.com\/wp-content\/uploads\/demenageurs-professionnels-refrigerateur-opt.jpg\u00a0\u00bb bg_position=\u00a0\u00bbcenter top\u00a0\u00bb bg_repeat=\u00a0\u00bbno-repeat\u00a0\u00bb bg_stretch=\u00a0\u00bbtrue\u00a0\u00bb video_color_mask=\u00a0\u00bb#000000&Prime; video_opacity=\u00a0\u00bb0.3&Prime; min_height=\u00a0\u00bb400&Prime; js_vertical_centered=\u00a0\u00bbtrue\u00a0\u00bb padding_top=\u00a0\u00bb0&Prime; padding_bottom=\u00a0\u00bb0&Prime; sidebar=\u00a0\u00bbsidebar-1&Prime;][vc_column width=\u00a0\u00bb1\/2&Prime;][mk_padding_divider size=\u00a0\u00bb150&Prime; visibility=\u00a0\u00bbhidden-sm\u00a0\u00bb][mk_fancy_title tag_name=\u00a0\u00bbspan\u00a0\u00bb color=\u00a0\u00bb#ffffff\u00a0\u00bb size=\u00a0\u00bb44&Prime; force_font_size=\u00a0\u00bbtrue\u00a0\u00bb size_tablet=\u00a0\u00bb36&Prime; size_phone=\u00a0\u00bb30&Prime; font_weight=\u00a0\u00bbbold\u00a0\u00bb txt_transform=\u00a0\u00bbnone\u00a0\u00bb margin_bottom=\u00a0\u00bb0&Prime; font_family=\u00a0\u00bbnone\u00a0\u00bb animation=\u00a0\u00bbleft-to-right\u00a0\u00bb]Pour am\u00e9nager vers, ou d\u00e9m\u00e9nager de, St-Bruno, faites-appel \u00e0 notre \u00e9quipe [\/mk_fancy_title][mk_button dimension=\u00a0\u00bbflat\u00a0\u00bb size=\u00a0\u00bblarge\u00a0\u00bb url=\u00a0\u00bb\/fr\/estimer-le-prix\/\u00a0\u00bb bg_color=\u00a0\u00bb#ff6100&Prime; btn_hover_bg=\u00a0\u00bb#332756&Prime; btn_hover_txt_color=\u00a0\u00bb#ffffff\u00a0\u00bb]Demander un devis gratuit[\/mk_button][mk_button dimension=\u00a0\u00bbflat\u00a0\u00bb size=\u00a0\u00bblarge\u00a0\u00bb url=\u00a0\u00bbtel:+14388770455&Prime; visibility=\u00a0\u00bbvisible-sm\u00a0\u00bb bg_color=\u00a0\u00bb#ff6100&Prime; btn_hover_bg=\u00a0\u00bb#332756&Prime; btn_hover_txt_color=\u00a0\u00bb#ffffff\u00a0\u00bb](438) 877-0455[\/mk_button][mk_padding_divider [&hellip;]<\/p>\n","protected":false},"author":15,"featured_media":0,"parent":0,"menu_order":0,"comment_status":"closed","ping_status":"closed","template":"","meta":{"footnotes":""},"class_list":["post-2163","page","type-page","status-publish","hentry"],"_links":{"self":[{"href":"https:\/\/stcmovers.com\/fr\/wp-json\/wp\/v2\/pages\/2163","targetHints":{"allow":["GET"]}}],"collection":[{"href":"https:\/\/stcmovers.com\/fr\/wp-json\/wp\/v2\/pages"}],"about":[{"href":"https:\/\/stcmovers.com\/fr\/wp-json\/wp\/v2\/types\/page"}],"author":[{"embeddable":true,"href":"https:\/\/stcmovers.com\/fr\/wp-json\/wp\/v2\/users\/15"}],"replies":[{"embeddable":true,"href":"https:\/\/stcmovers.com\/fr\/wp-json\/wp\/v2\/comments?post=2163"}],"version-history":[{"count":2,"href":"https:\/\/stcmovers.com\/fr\/wp-json\/wp\/v2\/pages\/2163\/revisions"}],"predecessor-version":[{"id":2165,"href":"https:\/\/stcmovers.com\/fr\/wp-json\/wp\/v2\/pages\/2163\/revisions\/2165"}],"wp:attachment":[{"href":"https:\/\/stcmovers.com\/fr\/wp-json\/wp\/v2\/media?parent=2163"}],"curies":[{"name":"wp","href":"https:\/\/api.w.org\/{rel}","templated":true}]}}