{"id":2764,"date":"2021-12-14T20:07:27","date_gmt":"2021-12-14T15:07:27","guid":{"rendered":"https:\/\/stcmovers.com\/?page_id=2764"},"modified":"2021-12-14T20:26:22","modified_gmt":"2021-12-14T15:26:22","slug":"demenagement-laprairie","status":"publish","type":"page","link":"https:\/\/stcmovers.com\/fr\/demenagement-laprairie\/","title":{"rendered":"D\u00e9m\u00e9nagement La Prairie"},"content":{"rendered":"<section class=\"wpb-content-wrapper\">[mk_page_section bg_image=\u00a0\u00bbhttps:\/\/stcmovers.com\/wp-content\/uploads\/demenagement-residentiel-chien.jpg\u00a0\u00bb bg_position=\u00a0\u00bbcenter center\u00a0\u00bb bg_repeat=\u00a0\u00bbno-repeat\u00a0\u00bb bg_stretch=\u00a0\u00bbtrue\u00a0\u00bb video_color_mask=\u00a0\u00bb#000000&Prime; video_opacity=\u00a0\u00bb0.3&Prime; min_height=\u00a0\u00bb400&Prime; js_vertical_centered=\u00a0\u00bbtrue\u00a0\u00bb padding_top=\u00a0\u00bb0&Prime; padding_bottom=\u00a0\u00bb0&Prime; sidebar=\u00a0\u00bbsidebar-1&Prime;][vc_column width=\u00a0\u00bb1\/2&Prime;][mk_padding_divider size=\u00a0\u00bb150&Prime; visibility=\u00a0\u00bbhidden-sm\u00a0\u00bb][mk_fancy_title tag_name=\u00a0\u00bbh1&Prime; color=\u00a0\u00bb#ffffff\u00a0\u00bb size=\u00a0\u00bb44&Prime; force_font_size=\u00a0\u00bbtrue\u00a0\u00bb size_tablet=\u00a0\u00bb36&Prime; size_phone=\u00a0\u00bb30&Prime; font_weight=\u00a0\u00bbbold\u00a0\u00bb txt_transform=\u00a0\u00bbnone\u00a0\u00bb margin_bottom=\u00a0\u00bb0&Prime; font_family=\u00a0\u00bbnone\u00a0\u00bb animation=\u00a0\u00bbleft-to-right\u00a0\u00bb]Les d\u00e9m\u00e9nageurs professionnels \u00e0 La Prairie dont vous avez besoin<br \/>\n[\/mk_fancy_title][mk_button dimension=\u00a0\u00bbflat\u00a0\u00bb size=\u00a0\u00bblarge\u00a0\u00bb url=\u00a0\u00bb\/fr\/estimer-le-prix\/\u00a0\u00bb bg_color=\u00a0\u00bb#ff6100&Prime; btn_hover_bg=\u00a0\u00bb#332756&Prime; btn_hover_txt_color=\u00a0\u00bb#ffffff\u00a0\u00bb]Obtenez une soumission gratuite[\/mk_button][mk_button dimension=\u00a0\u00bbflat\u00a0\u00bb size=\u00a0\u00bblarge\u00a0\u00bb url=\u00a0\u00bbtel:+14388770455&Prime; visibility=\u00a0\u00bbvisible-sm\u00a0\u00bb bg_color=\u00a0\u00bb#ff6100&Prime; btn_hover_bg=\u00a0\u00bb#332756&Prime; btn_hover_txt_color=\u00a0\u00bb#ffffff\u00a0\u00bb](438) 877-0455[\/mk_button][mk_padding_divider size=\u00a0\u00bb150&Prime; visibility=\u00a0\u00bbhidden-sm\u00a0\u00bb][\/vc_column][vc_column width=\u00a0\u00bb1\/2&Prime;][\/vc_column][\/mk_page_section][vc_row][vc_column][mk_padding_divider size=\u00a0\u00bb100&Prime;][\/vc_column][\/vc_row][vc_row][vc_column width=\u00a0\u00bb7\/12&Prime;][mk_padding_divider visibility=\u00a0\u00bbvisible-sm\u00a0\u00bb][mk_fancy_title color=\u00a0\u00bb#332756&Prime; size=\u00a0\u00bb30&Prime; force_font_size=\u00a0\u00bbtrue\u00a0\u00bb size_tablet=\u00a0\u00bb20&Prime; size_phone=\u00a0\u00bb20&Prime; font_weight=\u00a0\u00bb400&Prime; txt_transform=\u00a0\u00bbnone\u00a0\u00bb margin_top=\u00a0\u00bb20&Prime; font_family=\u00a0\u00bbnone\u00a0\u00bb responsive_align=\u00a0\u00bbleft\u00a0\u00bb animation=\u00a0\u00bbleft-to-right\u00a0\u00bb]Vous d\u00e9m\u00e9nagez ou emm\u00e9nagez personnellement ou professionnellement ?[\/mk_fancy_title][mk_divider style=\u00a0\u00bbthin_solid\u00a0\u00bb divider_width=\u00a0\u00bbcustom_width\u00a0\u00bb custom_width=\u00a0\u00bb50&Prime; align=\u00a0\u00bbleft\u00a0\u00bb thin_single_color=\u00a0\u00bb#ff6100&Prime; thickness=\u00a0\u00bb2&Prime; margin_top=\u00a0\u00bb10&Prime; visibility=\u00a0\u00bbhidden-sm\u00a0\u00bb animation=\u00a0\u00bbright-to-left\u00a0\u00bb][mk_fancy_title color=\u00a0\u00bb#ff6100&Prime; size=\u00a0\u00bb22&Prime; font_weight=\u00a0\u00bb400&Prime; txt_transform=\u00a0\u00bbnone\u00a0\u00bb margin_bottom=\u00a0\u00bb0&Prime; font_family=\u00a0\u00bbnone\u00a0\u00bb animation=\u00a0\u00bbright-to-left\u00a0\u00bb]Nous sommes l\u2019entreprise de d\u00e9m\u00e9nagement \u00e0 La Prairie qu\u2019il vous faut![\/mk_fancy_title][vc_column_text animation=\u00a0\u00bbright-to-left\u00a0\u00bb css=\u00a0\u00bb.vc_custom_1639490135737{margin-bottom: 0px !important;}\u00a0\u00bb]Chez Groupe STC inc., nos d\u00e9m\u00e9nageurs sp\u00e9cialis\u00e9s peuvent r\u00e9pondre \u00e0 tous vos besoins en mati\u00e8re de d\u00e9m\u00e9nagement. En effet, nous nous chargeons avec minutie et exp\u00e9rience du transfert de vos biens et de votre mobilier personnels ou professionnels. Nos \u00e9quipes d\u00e9m\u00e9nageurs de La Prairie sont responsables, qualifi\u00e9s et exp\u00e9riment\u00e9s. De plus, ils ont l\u2019habitude de transporter des articles importants, lourds ou encombrants en toute s\u00e9curit\u00e9, d\u2019un lieu \u00e0 un autre.<\/p>\n<p>Si vous pr\u00e9voyez un d\u00e9m\u00e9nagement \u00e0 La Prairie ou dans les environs, nous vous aiderons \u00e0 simplifier au maximum votre d\u00e9marche, du d\u00e9but jusqu\u2019\u00e0 la fin. Pour cela, nous vous offrons une multitude de services tels que l\u2019emballage et le d\u00e9ballage de vos biens, le d\u00e9montage et le montage de vos meubles, le transport d\u2019objets lourds et fragiles, l\u2019entreposage et bien plus.<br \/>\n[\/vc_column_text][\/vc_column][vc_column width=\u00a0\u00bb5\/12&Prime;][vc_single_image image=\u00a0\u00bb251&Prime; img_size=\u00a0\u00bb800&#215;800&Prime;][\/vc_column][\/vc_row][vc_row][vc_column][mk_padding_divider size=\u00a0\u00bb100&Prime;][\/vc_column][\/vc_row][vc_row][vc_column width=\u00a0\u00bb5\/12&Prime;][vc_single_image image=\u00a0\u00bb248&Prime; img_size=\u00a0\u00bb800&#215;800&Prime;][\/vc_column][vc_column width=\u00a0\u00bb7\/12&Prime;][mk_padding_divider visibility=\u00a0\u00bbvisible-sm\u00a0\u00bb][mk_fancy_title color=\u00a0\u00bb#ff6100&Prime; size=\u00a0\u00bb22&Prime; font_weight=\u00a0\u00bb400&Prime; txt_transform=\u00a0\u00bbnone\u00a0\u00bb margin_bottom=\u00a0\u00bb0&Prime; font_family=\u00a0\u00bbnone\u00a0\u00bb animation=\u00a0\u00bbright-to-left\u00a0\u00bb]Lors d\u2019un votre d\u00e9m\u00e9nagement, nous pouvons effectuer\u2026[\/mk_fancy_title][mk_divider style=\u00a0\u00bbthin_solid\u00a0\u00bb divider_width=\u00a0\u00bbcustom_width\u00a0\u00bb custom_width=\u00a0\u00bb50&Prime; align=\u00a0\u00bbleft\u00a0\u00bb thin_single_color=\u00a0\u00bb#ff6100&Prime; thickness=\u00a0\u00bb2&Prime; margin_top=\u00a0\u00bb10&Prime; visibility=\u00a0\u00bbhidden-sm\u00a0\u00bb animation=\u00a0\u00bbright-to-left\u00a0\u00bb][mk_custom_list animation=\u00a0\u00bbleft-to-right\u00a0\u00bb]\n<ul>\n<li><strong>L\u2019emballage, puis le d\u00e9ballage<\/strong><br \/>\nVous trouvez qu\u2019emballer chaque bien, objet ou bibelot que vous poss\u00e9dez est une perte de temps et d\u2019\u00e9nergie? Confiez-nous cette t\u00e2che, nous la ferons enti\u00e8rement ou seulement en partie pour vous avec plaisir et minutie.<\/li>\n<li><strong>Le transport de vos affaires <\/strong><br \/>\nNous nous chargeons de porter pour vous l\u2019ensemble de vos biens, les cartons, les meubles, les \u00e9lectrom\u00e9nagers, etc. Ainsi, vous ne risquez pas de vous blesser ou de vous fatiguer. De plus, nos d\u00e9m\u00e9nageurs comp\u00e9tents et exp\u00e9riment\u00e9s de La Prairie disposent de l\u2019\u00e9quipement ad\u00e9quat pour d\u00e9placer des objets lourds ou encombrants, en toute s\u00e9curit\u00e9.<\/li>\n<li><strong>La livraison des objets que vous avez achet\u00e9s ou vendus<\/strong><br \/>\nAvant ou apr\u00e8s un d\u00e9m\u00e9nagement, plusieurs personnes vont vendre ou acheter de nouvelles affaires ou de nouveaux meubles qu\u2019il faudra transporter ou livrer. Nous vous aiderons en vous facilitant cette d\u00e9marche.<\/li>\n<li><strong>L\u2019optimisation de l\u2019espace du camion<\/strong><br \/>\nSavoir empiler les cartons, les objets et les autres items dans un camion de d\u00e9m\u00e9nagement, sans rien casser ni perdre de l\u2019espace, \u00e7a demande un certain savoir-faire que notre \u00e9quipe de d\u00e9m\u00e9nageurs \u00e0 La Prairie ma\u00eetrise parfaitement.<\/li>\n<li><strong>Le d\u00e9placement des objets particuliers<\/strong><br \/>\nCertains items, tels qu\u2019une table de billard, un piano, un buffet ancien, un spa ou autres doivent \u00eatre d\u00e9plac\u00e9s de la bonne fa\u00e7on avec force et pr\u00e9cision. Ce qui requiert de l\u2019exp\u00e9rience et de la m\u00e9thode! C\u2019est pour cela que nous sommes pr\u00e9sents pour vous aider.<\/li>\n<li><strong>L\u2019entreposage de vos biens<\/strong><br \/>\nNous vous proposons un <a href=\"https:\/\/stcmovers.com\/fr\/entreposage-demenagement\/\">service complet d\u2019entreposage de vos biens<\/a> en toute s\u00e9curit\u00e9. Que ce soit pour une courte ou une longue p\u00e9riode, nous disposons d\u2019espaces d\u2019entreposage verrouill\u00e9s et chauff\u00e9s de diff\u00e9rentes tailles qui sauront r\u00e9pondre \u00e0 vos besoins.<\/li>\n<\/ul>\n[\/mk_custom_list][\/vc_column][\/vc_row][vc_row][vc_column][mk_padding_divider size=\u00a0\u00bb100&Prime;][\/vc_column][\/vc_row][vc_row][vc_column width=\u00a0\u00bb7\/12&Prime;][mk_padding_divider visibility=\u00a0\u00bbvisible-sm\u00a0\u00bb][mk_fancy_title color=\u00a0\u00bb#ff6100&Prime; size=\u00a0\u00bb22&Prime; font_weight=\u00a0\u00bb400&Prime; txt_transform=\u00a0\u00bbnone\u00a0\u00bb margin_bottom=\u00a0\u00bb0&Prime; font_family=\u00a0\u00bbnone\u00a0\u00bb animation=\u00a0\u00bbright-to-left\u00a0\u00bb]En savoir plus sur La Prairie[\/mk_fancy_title][mk_divider style=\u00a0\u00bbthin_solid\u00a0\u00bb divider_width=\u00a0\u00bbcustom_width\u00a0\u00bb custom_width=\u00a0\u00bb50&Prime; align=\u00a0\u00bbleft\u00a0\u00bb thin_single_color=\u00a0\u00bb#ff6100&Prime; thickness=\u00a0\u00bb2&Prime; margin_top=\u00a0\u00bb10&Prime; visibility=\u00a0\u00bbhidden-sm\u00a0\u00bb animation=\u00a0\u00bbright-to-left\u00a0\u00bb][vc_column_text animation=\u00a0\u00bbright-to-left\u00a0\u00bb css=\u00a0\u00bb.vc_custom_1639494398698{margin-bottom: 0px !important;}\u00a0\u00bb]<a href=\"https:\/\/www.ville.laprairie.qc.ca\/\" target=\"_blank\" rel=\"noopener\">La Prairie, anciennement orthographi\u00e9e Laprairie<\/a>, est une municipalit\u00e9 du Qu\u00e9bec dynamique et en plein d\u00e9veloppement. Sa population d\u00e9passe les 26 000 habitants. Elle fait partie de la <a href=\"https:\/\/roussillon.ca\/\" target=\"_blank\" rel=\"noopener\">MRC de Roussillon<\/a> dans la r\u00e9gion de la Mont\u00e9r\u00e9gie. Elle est bord\u00e9e par le fleuve Saint-Laurent et de la rivi\u00e8re Saint-Jacques. Situ\u00e9e \u00e0 proximit\u00e9 des ponts vers Montr\u00e9al, elle est facilement accessible gr\u00e2ce aux autoroutes 15 et 30 et par la route 132. La Prairie offre une grande qualit\u00e9 de vie ainsi qu\u2019une large gamme de services \u00e0 ses r\u00e9sidents. Le secteur historique de La Prairie d\u00e9clar\u00e9 site patrimonial en 1975 offre un attrait touristique pris\u00e9.<\/p>\n<p>Bien que nos bureaux soient situ\u00e9s \u00e0 St-Hubert, nous avons une tr\u00e8s bonne connaissance de la r\u00e9gion aussi nous sommes en mesure d\u2019assurer votre d\u00e9m\u00e9nagement \u00e0 Laprairie avec fiabilit\u00e9 et efficacit\u00e9. De plus, nous desservons les principales villes de la Rive-Sud de Montr\u00e9al telles que <a href=\"https:\/\/stcmovers.com\/fr\/demenagement-boucherville\/\">Boucherville<\/a>, <a href=\"https:\/\/stcmovers.com\/fr\/demenagement-brossard\/\">Brossard<\/a>, <a href=\"https:\/\/stcmovers.com\/fr\/demenagement-longueuil\/\">Longueuil<\/a>, <a href=\"https:\/\/stcmovers.com\/fr\/demenagement-chambly\/\">Chambly<\/a>, <a href=\"https:\/\/stcmovers.com\/fr\/demenagement-st-bruno\/\">Saint-Bruno<\/a>, etc.[\/vc_column_text][\/vc_column][vc_column width=\u00a0\u00bb5\/12&Prime;][vc_single_image image=\u00a0\u00bb2769&Prime; img_size=\u00a0\u00bb800&#215;800&Prime;][vc_column_text css=\u00a0\u00bb.vc_custom_1639490431427{margin-bottom: 0px !important;}\u00a0\u00bb]<small><a href=\"https:\/\/commons.wikimedia.org\/wiki\/File:Chemin_de_Saint-Jean_La_Prairie.jpg\" target=\"_blank\" rel=\"noopener\">MTLskyline<\/a>, <a href=\"https:\/\/creativecommons.org\/licenses\/by-sa\/3.0\" target=\"_blank\" rel=\"noopener\">CC BY-SA 3.0<\/a>, via Wikimedia Commons<\/small>[\/vc_column_text][\/vc_column][\/vc_row][vc_row][vc_column][mk_padding_divider size=\u00a0\u00bb100&Prime;][\/vc_column][\/vc_row][mk_page_section bg_color=\u00a0\u00bb#ff6100&Prime; blend_mode=\u00a0\u00bbmultiply\u00a0\u00bb bg_repeat=\u00a0\u00bbno-repeat\u00a0\u00bb min_height=\u00a0\u00bb140&Prime; sidebar=\u00a0\u00bbsidebar-1&Prime;][vc_column width=\u00a0\u00bb2\/3&Prime;][mk_padding_divider visibility=\u00a0\u00bbvisible-sm\u00a0\u00bb][mk_fancy_title tag_name=\u00a0\u00bbh4&Prime; color=\u00a0\u00bb#ffffff\u00a0\u00bb size=\u00a0\u00bb28&Prime; force_font_size=\u00a0\u00bbtrue\u00a0\u00bb size_tablet=\u00a0\u00bb20&Prime; size_phone=\u00a0\u00bb25&Prime; font_weight=\u00a0\u00bbbold\u00a0\u00bb txt_transform=\u00a0\u00bbnone\u00a0\u00bb margin_top=\u00a0\u00bb40&Prime; margin_bottom=\u00a0\u00bb0&Prime; font_family=\u00a0\u00bbnone\u00a0\u00bb animation=\u00a0\u00bbleft-to-right\u00a0\u00bb]Vous voulez planifier un d\u00e9m\u00e9nagement \u00e0 La Prairie ou dans les environs?[\/mk_fancy_title][mk_padding_divider visibility=\u00a0\u00bbvisible-sm\u00a0\u00bb][vc_raw_js]JTNDc2NyaXB0JTIwdHlwZSUzRCUyN2FwcGxpY2F0aW9uJTJGbGQlMkJqc29uJTI3JTNFJTBBJTdCJTBBJTIyJTQwY29udGV4dCUyMiUzQSUyMCUyMmh0dHAlM0ElMkYlMkZ3d3cuc2NoZW1hLm9yZyUyMiUyQyUwQSUyMiU0MHR5cGUlMjIlM0ElMjAlMjJNb3ZpbmdDb21wYW55JTIyJTJDJTBBJTIyJTQwaWQlMjIlM0ElMjAlMjJodHRwcyUzQSUyRiUyRnN0Y21vdmVycy5jb20lMkYlMjNjb21wYW55JTIyJTJDJTBBJTIybmFtZSUyMiUzQSUyMCUyMkdyb3VwZSUyMFNUQyUyMGluYy4lMjIlMkMlMEElMjJ1cmwlMjIlM0ElMjAlMjJodHRwcyUzQSUyRiUyRnN0Y21vdmVycy5jb20lMkZmciUyRmRlbWVuYWdlbWVudC1sYXByYWlyaWUlMkYlMjIlMkMlMEElMjJpbWFnZSUyMiUzQSUyMCUyMmh0dHBzJTNBJTJGJTJGc3RjbW92ZXJzLmNvbSUyRndwLWNvbnRlbnQlMkZ1cGxvYWQlMkZkZW1lbmFnZXItbGFwcmFpcmllLmpwZyUyMiUyQyUwQSUyMnRlbGVwaG9uZSUyMiUzQSUyMCUyMiUyODUxNCUyOSUyMDQxOC00NDY2JTIyJTJDJTBBJTIycHJpY2VSYW5nZSUyMiUzQSUyMCUyMnN1ciUyMGRlbWFuZGUlMjIlMkMlMEElMjJhZGRyZXNzJTIyJTNBJTIwJTdCJTBBJTIyJTQwdHlwZSUyMiUzQSUyMCUyMlBvc3RhbEFkZHJlc3MlMjIlMkMlMEElMjJzdHJlZXRBZGRyZXNzJTIyJTNBJTIwJTIyMjMwOCUyQyUyMHJ1ZSUyMEclQzMlQTlsaW5lYXUlMjIlMkMlMEElMjJhZGRyZXNzTG9jYWxpdHklMjIlM0ElMjAlMjJTdC1IdWJlcnQlMjIlMkMlMEElMjJhZGRyZXNzUmVnaW9uJTIyJTNBJTIwJTIyUUMlMjIlMkMlMEElMjJwb3N0YWxDb2RlJTIyJTNBJTIwJTIySjNZJTIwNEs0JTIyJTBBJTdEJTBBJTdEJTBBJTNDJTJGc2NyaXB0JTNFJTBB[\/vc_raw_js][\/vc_column][vc_column width=\u00a0\u00bb1\/3&Prime;][mk_padding_divider size=\u00a0\u00bb30&Prime; visibility=\u00a0\u00bbhidden-sm\u00a0\u00bb][mk_button dimension=\u00a0\u00bbflat\u00a0\u00bb size=\u00a0\u00bblarge\u00a0\u00bb letter_spacing=\u00a0\u00bb1&Prime; url=\u00a0\u00bb\/fr\/joindre-demenagement-stc-montreal-rive-sud\/\u00a0\u00bb align=\u00a0\u00bbright\u00a0\u00bb margin_bottom=\u00a0\u00bb0&Prime; margin_right=\u00a0\u00bb0&Prime; bg_color=\u00a0\u00bb#ffffff\u00a0\u00bb btn_hover_bg=\u00a0\u00bb#332756&Prime; text_color=\u00a0\u00bbdark\u00a0\u00bb btn_hover_txt_color=\u00a0\u00bb#ffffff\u00a0\u00bb]Contactez-nous d\u00e8s maintenant[\/mk_button][mk_padding_divider visibility=\u00a0\u00bbvisible-sm\u00a0\u00bb][\/vc_column][\/mk_page_section]\n<\/section>","protected":false},"excerpt":{"rendered":"<p>[mk_page_section bg_image=\u00a0\u00bbhttps:\/\/stcmovers.com\/wp-content\/uploads\/demenagement-residentiel-chien.jpg\u00a0\u00bb bg_position=\u00a0\u00bbcenter center\u00a0\u00bb bg_repeat=\u00a0\u00bbno-repeat\u00a0\u00bb bg_stretch=\u00a0\u00bbtrue\u00a0\u00bb video_color_mask=\u00a0\u00bb#000000&Prime; video_opacity=\u00a0\u00bb0.3&Prime; min_height=\u00a0\u00bb400&Prime; js_vertical_centered=\u00a0\u00bbtrue\u00a0\u00bb padding_top=\u00a0\u00bb0&Prime; padding_bottom=\u00a0\u00bb0&Prime; sidebar=\u00a0\u00bbsidebar-1&Prime;][vc_column width=\u00a0\u00bb1\/2&Prime;][mk_padding_divider size=\u00a0\u00bb150&Prime; visibility=\u00a0\u00bbhidden-sm\u00a0\u00bb][mk_fancy_title tag_name=\u00a0\u00bbh1&Prime; color=\u00a0\u00bb#ffffff\u00a0\u00bb size=\u00a0\u00bb44&Prime; force_font_size=\u00a0\u00bbtrue\u00a0\u00bb size_tablet=\u00a0\u00bb36&Prime; size_phone=\u00a0\u00bb30&Prime; font_weight=\u00a0\u00bbbold\u00a0\u00bb txt_transform=\u00a0\u00bbnone\u00a0\u00bb margin_bottom=\u00a0\u00bb0&Prime; font_family=\u00a0\u00bbnone\u00a0\u00bb animation=\u00a0\u00bbleft-to-right\u00a0\u00bb]Les d\u00e9m\u00e9nageurs professionnels \u00e0 La Prairie dont vous avez besoin [\/mk_fancy_title][mk_button dimension=\u00a0\u00bbflat\u00a0\u00bb size=\u00a0\u00bblarge\u00a0\u00bb url=\u00a0\u00bb\/fr\/estimer-le-prix\/\u00a0\u00bb bg_color=\u00a0\u00bb#ff6100&Prime; btn_hover_bg=\u00a0\u00bb#332756&Prime; btn_hover_txt_color=\u00a0\u00bb#ffffff\u00a0\u00bb]Obtenez une soumission gratuite[\/mk_button][mk_button dimension=\u00a0\u00bbflat\u00a0\u00bb size=\u00a0\u00bblarge\u00a0\u00bb url=\u00a0\u00bbtel:+14388770455&Prime; visibility=\u00a0\u00bbvisible-sm\u00a0\u00bb bg_color=\u00a0\u00bb#ff6100&Prime; btn_hover_bg=\u00a0\u00bb#332756&Prime; btn_hover_txt_color=\u00a0\u00bb#ffffff\u00a0\u00bb](438) 877-0455[\/mk_button][mk_padding_divider size=\u00a0\u00bb150&Prime; [&hellip;]<\/p>\n","protected":false},"author":15,"featured_media":0,"parent":0,"menu_order":0,"comment_status":"closed","ping_status":"closed","template":"","meta":{"footnotes":""},"class_list":["post-2764","page","type-page","status-publish","hentry"],"_links":{"self":[{"href":"https:\/\/stcmovers.com\/fr\/wp-json\/wp\/v2\/pages\/2764","targetHints":{"allow":["GET"]}}],"collection":[{"href":"https:\/\/stcmovers.com\/fr\/wp-json\/wp\/v2\/pages"}],"about":[{"href":"https:\/\/stcmovers.com\/fr\/wp-json\/wp\/v2\/types\/page"}],"author":[{"embeddable":true,"href":"https:\/\/stcmovers.com\/fr\/wp-json\/wp\/v2\/users\/15"}],"replies":[{"embeddable":true,"href":"https:\/\/stcmovers.com\/fr\/wp-json\/wp\/v2\/comments?post=2764"}],"version-history":[{"count":6,"href":"https:\/\/stcmovers.com\/fr\/wp-json\/wp\/v2\/pages\/2764\/revisions"}],"predecessor-version":[{"id":2784,"href":"https:\/\/stcmovers.com\/fr\/wp-json\/wp\/v2\/pages\/2764\/revisions\/2784"}],"wp:attachment":[{"href":"https:\/\/stcmovers.com\/fr\/wp-json\/wp\/v2\/media?parent=2764"}],"curies":[{"name":"wp","href":"https:\/\/api.w.org\/{rel}","templated":true}]}}