{"id":3530,"date":"2022-12-20T18:50:25","date_gmt":"2022-12-20T13:50:25","guid":{"rendered":"https:\/\/stcmovers.com\/?page_id=3530"},"modified":"2023-04-09T02:26:48","modified_gmt":"2023-04-08T21:26:48","slug":"demenagement-chateauguay","status":"publish","type":"page","link":"https:\/\/stcmovers.com\/fr\/demenagement-chateauguay\/","title":{"rendered":"D\u00e9m\u00e9nagement Ch\u00e2teauguay"},"content":{"rendered":"<section class=\"wpb-content-wrapper\">[mk_page_section bg_image=\u00a0\u00bbhttps:\/\/stcmovers.com\/wp-content\/uploads\/demenageurs-professionnels-stc.jpg\u00a0\u00bb bg_position=\u00a0\u00bbcenter top\u00a0\u00bb bg_repeat=\u00a0\u00bbno-repeat\u00a0\u00bb bg_stretch=\u00a0\u00bbtrue\u00a0\u00bb video_color_mask=\u00a0\u00bb#000000&Prime; video_opacity=\u00a0\u00bb0.3&Prime; min_height=\u00a0\u00bb400&Prime; js_vertical_centered=\u00a0\u00bbtrue\u00a0\u00bb padding_top=\u00a0\u00bb0&Prime; padding_bottom=\u00a0\u00bb0&Prime; sidebar=\u00a0\u00bbsidebar-1&Prime;][vc_column width=\u00a0\u00bb1\/2&Prime;][mk_padding_divider size=\u00a0\u00bb150&Prime; visibility=\u00a0\u00bbhidden-sm\u00a0\u00bb][mk_fancy_title tag_name=\u00a0\u00bbspan\u00a0\u00bb color=\u00a0\u00bb#ffffff\u00a0\u00bb size=\u00a0\u00bb44&Prime; force_font_size=\u00a0\u00bbtrue\u00a0\u00bb size_tablet=\u00a0\u00bb36&Prime; size_phone=\u00a0\u00bb30&Prime; font_weight=\u00a0\u00bbbold\u00a0\u00bb txt_transform=\u00a0\u00bbnone\u00a0\u00bb margin_bottom=\u00a0\u00bb0&Prime; font_family=\u00a0\u00bbnone\u00a0\u00bb animation=\u00a0\u00bbleft-to-right\u00a0\u00bb]Pour un d\u00e9m\u00e9nagement \u00e0 Ch\u00e2teauguay[\/mk_fancy_title][mk_button dimension=\u00a0\u00bbflat\u00a0\u00bb size=\u00a0\u00bblarge\u00a0\u00bb url=\u00a0\u00bb\/fr\/estimer-le-prix\/\u00a0\u00bb bg_color=\u00a0\u00bb#ff6100&Prime; btn_hover_bg=\u00a0\u00bb#332756&Prime; btn_hover_txt_color=\u00a0\u00bb#ffffff\u00a0\u00bb]Demandez une soumission gratuite[\/mk_button][mk_button dimension=\u00a0\u00bbflat\u00a0\u00bb size=\u00a0\u00bblarge\u00a0\u00bb url=\u00a0\u00bbtel:+14388770455&Prime; visibility=\u00a0\u00bbvisible-sm\u00a0\u00bb bg_color=\u00a0\u00bb#ff6100&Prime; btn_hover_bg=\u00a0\u00bb#332756&Prime; btn_hover_txt_color=\u00a0\u00bb#ffffff\u00a0\u00bb](438) 877-0455[\/mk_button][mk_padding_divider size=\u00a0\u00bb150&Prime; visibility=\u00a0\u00bbhidden-sm\u00a0\u00bb][\/vc_column][vc_column width=\u00a0\u00bb1\/2&Prime;][\/vc_column][\/mk_page_section][vc_row][vc_column][mk_padding_divider size=\u00a0\u00bb100&Prime;][\/vc_column][\/vc_row][vc_row][vc_column width=\u00a0\u00bb7\/12&Prime;][mk_padding_divider visibility=\u00a0\u00bbvisible-sm\u00a0\u00bb][mk_fancy_title tag_name=\u00a0\u00bbspan\u00a0\u00bb color=\u00a0\u00bb#ff6100&Prime; size=\u00a0\u00bb22&Prime; font_weight=\u00a0\u00bb400&Prime; txt_transform=\u00a0\u00bbnone\u00a0\u00bb margin_bottom=\u00a0\u00bb0&Prime; font_family=\u00a0\u00bbnone\u00a0\u00bb animation=\u00a0\u00bbright-to-left\u00a0\u00bb]Vous d\u00e9sirez d\u00e9m\u00e9nager votre r\u00e9sidence ou votre entreprise?[\/mk_fancy_title][mk_divider style=\u00a0\u00bbthin_solid\u00a0\u00bb divider_width=\u00a0\u00bbcustom_width\u00a0\u00bb custom_width=\u00a0\u00bb50&Prime; align=\u00a0\u00bbleft\u00a0\u00bb thin_single_color=\u00a0\u00bb#ff6100&Prime; thickness=\u00a0\u00bb2&Prime; margin_top=\u00a0\u00bb10&Prime; visibility=\u00a0\u00bbhidden-sm\u00a0\u00bb animation=\u00a0\u00bbright-to-left\u00a0\u00bb][mk_fancy_title tag_name=\u00a0\u00bbh1&Prime; color=\u00a0\u00bb#332756&Prime; size=\u00a0\u00bb30&Prime; force_font_size=\u00a0\u00bbtrue\u00a0\u00bb size_tablet=\u00a0\u00bb20&Prime; size_phone=\u00a0\u00bb20&Prime; font_weight=\u00a0\u00bb400&Prime; txt_transform=\u00a0\u00bbnone\u00a0\u00bb margin_top=\u00a0\u00bb20&Prime; font_family=\u00a0\u00bbnone\u00a0\u00bb responsive_align=\u00a0\u00bbleft\u00a0\u00bb animation=\u00a0\u00bbleft-to-right\u00a0\u00bb]Nous sommes l\u2019entreprise de d\u00e9m\u00e9nagement \u00e0 Ch\u00e2teauguay qu\u2019il vous faut![\/mk_fancy_title][vc_column_text animation=\u00a0\u00bbright-to-left\u00a0\u00bb css=\u00a0\u00bb.vc_custom_1671543511472{margin-bottom: 0px !important;}\u00a0\u00bb]Chez Groupe STC inc., nos \u00e9quipes de d\u00e9m\u00e9nageurs professionnels r\u00e9pondent \u00e0 l\u2019ensemble de vos besoins dans le secteur commercial ou r\u00e9sidentiel. En effet, nous effectuons le <strong>d\u00e9m\u00e9nagement \u00e0 Ch\u00e2teauguay ou les alentours<\/strong> de l\u2019ensemble de vos biens et de votre mobilier ou ceux de votre entreprise avec m\u00e9ticulosit\u00e9 et efficacit\u00e9. Nos d\u00e9m\u00e9nageurs sont responsables, qualifi\u00e9s et minutieux. Vous pouvez leur faire confiance, car ils ont l\u2019habitude de d\u00e9placer d\u2019un endroit \u00e0 un autre des articles fragiles, importants, lourds ou encombrants en toute s\u00e9curit\u00e9.<\/p>\n<p>Ne vous souciez pas de votre d\u00e9m\u00e9nagement, nous prenons en charge cette t\u00e2che pour vous du d\u00e9but jusqu\u2019\u00e0 la fin. Que ce soit pour un <a href=\"\/fr\/demenagement-residentiel\/\">d\u00e9m\u00e9nagement r\u00e9sidentiel<\/a> ou un <a href=\"\/fr\/demenagement-commercial\/\">d\u00e9m\u00e9nagement commercial<\/a>, local ou longue distance, un petit ou un tr\u00e8s gros d\u00e9m\u00e9nagement, nous vous offrons diverses options telles que l\u2019emballage et le d\u00e9ballage, le d\u00e9montage et le montage de vos meubles, le transport d\u2019objet lourd ou fragile (table de billard, piano, etc.), l\u2019entreposage, etc.[\/vc_column_text][\/vc_column][vc_column width=\u00a0\u00bb5\/12&Prime;][vc_single_image image=\u00a0\u00bb1926&Prime; img_size=\u00a0\u00bb800&#215;800&Prime;][\/vc_column][\/vc_row][vc_row][vc_column][mk_padding_divider size=\u00a0\u00bb100&Prime;][\/vc_column][\/vc_row][vc_row][vc_column width=\u00a0\u00bb5\/12&Prime;][vc_single_image image=\u00a0\u00bb1390&Prime; img_size=\u00a0\u00bb800&#215;800&Prime;][\/vc_column][vc_column width=\u00a0\u00bb7\/12&Prime;][mk_padding_divider visibility=\u00a0\u00bbvisible-sm\u00a0\u00bb][mk_fancy_title color=\u00a0\u00bb#ff6100&Prime; size=\u00a0\u00bb22&Prime; font_weight=\u00a0\u00bb400&Prime; txt_transform=\u00a0\u00bbnone\u00a0\u00bb margin_bottom=\u00a0\u00bb0&Prime; font_family=\u00a0\u00bbnone\u00a0\u00bb animation=\u00a0\u00bbright-to-left\u00a0\u00bb]Vos d\u00e9m\u00e9nageurs professionnels \u00e0 Ch\u00e2teauguay[\/mk_fancy_title][mk_divider style=\u00a0\u00bbthin_solid\u00a0\u00bb divider_width=\u00a0\u00bbcustom_width\u00a0\u00bb custom_width=\u00a0\u00bb50&Prime; align=\u00a0\u00bbleft\u00a0\u00bb thin_single_color=\u00a0\u00bb#ff6100&Prime; thickness=\u00a0\u00bb2&Prime; margin_top=\u00a0\u00bb10&Prime; visibility=\u00a0\u00bbhidden-sm\u00a0\u00bb animation=\u00a0\u00bbright-to-left\u00a0\u00bb][mk_fancy_title tag_name=\u00a0\u00bbh3&Prime; color=\u00a0\u00bb#332756&Prime; size=\u00a0\u00bb30&Prime; force_font_size=\u00a0\u00bbtrue\u00a0\u00bb size_tablet=\u00a0\u00bb20&Prime; size_phone=\u00a0\u00bb20&Prime; font_weight=\u00a0\u00bb400&Prime; txt_transform=\u00a0\u00bbnone\u00a0\u00bb margin_top=\u00a0\u00bb20&Prime; font_family=\u00a0\u00bbnone\u00a0\u00bb responsive_align=\u00a0\u00bbleft\u00a0\u00bb animation=\u00a0\u00bbleft-to-right\u00a0\u00bb]Pour vous, nous pouvons accomplir&#8230;[\/mk_fancy_title][mk_custom_list animation=\u00a0\u00bbleft-to-right\u00a0\u00bb]\n<ul>\n<li><strong>L\u2019emballage et d\u00e9ballage de vos biens<\/strong><br \/>\nVous n\u2019avez ni le temps ni l\u2019\u00e9nergie pour emballer et d\u00e9baller l\u2019ensemble de vos objets personnels ou ceux de votre entreprise? Aucun probl\u00e8me, nous sommes pr\u00e9sents pour vous! Confiez-nous cette t\u00e2che.<\/li>\n<li><strong>Le transport de vos biens<br \/>\n<\/strong>Nous assurons le transport de l\u2019ensemble de vos biens tels que les cartons, les meubles, les \u00e9lectrom\u00e9nagers ou autres. De plus, nos <a href=\"\/fr\/\">d\u00e9m\u00e9nageurs<\/a> sp\u00e9cialis\u00e9s \u00e0 Ch\u00e2teauguay disposent de l\u2019\u00e9quipement n\u00e9cessaire ainsi que des techniques pour d\u00e9placer en toute s\u00e9curit\u00e9 vos articles.<\/li>\n<li><strong>La livraison d\u2019objets que vous avez achet\u00e9s ou vendus<br \/>\n<\/strong>Avant de d\u00e9m\u00e9nager dans votre nouvelle r\u00e9sidence ou nouveau local d\u2019entreprise, vous avez d\u00e9cid\u00e9 de faire un grand m\u00e9nage, de vendre et d\u2019acheter de nouvelles affaires ou de nouveaux meubles que vous devrez transporter. Nous r\u00e9alisons ce transport pour vous!<\/li>\n<li><strong>Le transport d\u2019objets particuliers<br \/>\n<\/strong>Certains articles particuli\u00e8rement lourds ou encombrants et fragiles comme une table de billard, un piano, un spa ou autres doivent \u00eatre d\u00e9plac\u00e9s de la bonne fa\u00e7on et avec pr\u00e9cision. Nos d\u00e9m\u00e9nageurs de Ch\u00e2teauguay poss\u00e8dent cette expertise.<\/li>\n<li><strong>L\u2019entreposage de vos effets personnels<br \/>\n<\/strong>Nous vous proposons l\u2019entreposage de l\u2019ensemble de vos biens dans un endroit s\u00fbr. Que ce soit pour une courte ou une longue p\u00e9riode, nous disposons d\u2019<a href=\"\/fr\/entreposage-demenagement\/\">espaces d\u2019entreposage s\u00e9curis\u00e9s<\/a> et chauff\u00e9s de diff\u00e9rentes tailles qui sauront r\u00e9pondre \u00e0 tous vos besoins.<\/li>\n<\/ul>\n[\/mk_custom_list][\/vc_column][\/vc_row][vc_row][vc_column][mk_padding_divider size=\u00a0\u00bb100&Prime;][\/vc_column][\/vc_row][vc_row][vc_column width=\u00a0\u00bb7\/12&Prime;][mk_padding_divider visibility=\u00a0\u00bbvisible-sm\u00a0\u00bb][mk_fancy_title color=\u00a0\u00bb#ff6100&Prime; size=\u00a0\u00bb22&Prime; font_weight=\u00a0\u00bb400&Prime; txt_transform=\u00a0\u00bbnone\u00a0\u00bb margin_bottom=\u00a0\u00bb0&Prime; font_family=\u00a0\u00bbnone\u00a0\u00bb animation=\u00a0\u00bbright-to-left\u00a0\u00bb]Tout ce que vous devez savoir sur Ch\u00e2teauguay[\/mk_fancy_title][mk_divider style=\u00a0\u00bbthin_solid\u00a0\u00bb divider_width=\u00a0\u00bbcustom_width\u00a0\u00bb custom_width=\u00a0\u00bb50&Prime; align=\u00a0\u00bbleft\u00a0\u00bb thin_single_color=\u00a0\u00bb#ff6100&Prime; thickness=\u00a0\u00bb2&Prime; margin_top=\u00a0\u00bb10&Prime; visibility=\u00a0\u00bbhidden-sm\u00a0\u00bb animation=\u00a0\u00bbright-to-left\u00a0\u00bb][vc_column_text animation=\u00a0\u00bbright-to-left\u00a0\u00bb css=\u00a0\u00bb.vc_custom_1671544085001{margin-bottom: 0px !important;}\u00a0\u00bb]<a href=\"https:\/\/ville.chateauguay.qc.ca\/\" target=\"_blank\" rel=\"noopener\">Ch\u00e2teauguay<\/a> est situ\u00e9e au sud-ouest de Montr\u00e9al, dans la municipalit\u00e9 r\u00e9gionale de comt\u00e9 (MRC) de Roussillon en Mont\u00e9r\u00e9gie. Elle est limitrophe avec les villes de L\u00e9ry, Mercier, Beauharnois et Sainte-Martine ainsi que par la r\u00e9serve am\u00e9rindienne de Kahnawake. De plus, cette ville est travers\u00e9e sur toute sa longueur par la rivi\u00e8re Ch\u00e2teauguay. Ch\u00e2teauguay s\u2019\u00e9tend sur une superficie totale de 46.3 km2 et compte environ 50 815 habitants en 2021.<\/p>\n<p>Id\u00e9alement situ\u00e9e \u00e0 30 minutes de Montr\u00e9al, tr\u00e8s proche de l\u2019Ontario et des \u00c9tats-Unis, Ch\u00e2teauguay est facile d\u2019acc\u00e8s par plusieurs grands axes routiers comme la route 132, la 138 et l\u2019autoroute 30. Cette ville dynamique et en plein essor \u00e9conomique propose de nombreux acc\u00e8s \u00e0 la nature avec 73 parcs et l\u2019<a href=\"https:\/\/ilesaintbernard.com\/\" target=\"_blank\" rel=\"noopener\">\u00cele Saint-Bernard<\/a> par exemple, ainsi que diverses activit\u00e9s sportives et culturelles telles qu\u2019un centre nautique, plusieurs patinoires, un complexe sportif, de nombreux terrains sportifs (football, basketball, hockey, baseball, etc.), une longue piste cyclable, 2 salles de spectacles et autres. Riche de plus de trois si\u00e8cles d\u2019histoire, Ch\u00e2teauguay dispose de b\u00e2timents historiques et d\u2019un riche patrimoine qui comprend notamment de nombreuses \u00e9glises, la maison LePailleur, un moulin \u00e0 vent, un ancien couvent et autres.[\/vc_column_text][\/vc_column][vc_column width=\u00a0\u00bb5\/12&Prime;][vc_single_image image=\u00a0\u00bb3536&Prime; img_size=\u00a0\u00bb800&#215;800&Prime;][\/vc_column][\/vc_row][vc_row][vc_column][mk_padding_divider size=\u00a0\u00bb100&Prime;][\/vc_column][\/vc_row][mk_page_section bg_color=\u00a0\u00bb#ff6100&Prime; blend_mode=\u00a0\u00bbmultiply\u00a0\u00bb bg_repeat=\u00a0\u00bbno-repeat\u00a0\u00bb min_height=\u00a0\u00bb140&Prime; sidebar=\u00a0\u00bbsidebar-1&Prime;][vc_column width=\u00a0\u00bb2\/3&Prime;][mk_padding_divider visibility=\u00a0\u00bbvisible-sm\u00a0\u00bb][mk_fancy_title tag_name=\u00a0\u00bbh4&Prime; color=\u00a0\u00bb#ffffff\u00a0\u00bb size=\u00a0\u00bb28&Prime; force_font_size=\u00a0\u00bbtrue\u00a0\u00bb size_tablet=\u00a0\u00bb20&Prime; size_phone=\u00a0\u00bb25&Prime; font_weight=\u00a0\u00bbbold\u00a0\u00bb txt_transform=\u00a0\u00bbnone\u00a0\u00bb margin_top=\u00a0\u00bb40&Prime; margin_bottom=\u00a0\u00bb0&Prime; font_family=\u00a0\u00bbnone\u00a0\u00bb animation=\u00a0\u00bbleft-to-right\u00a0\u00bb]Vous voulez d\u00e9m\u00e9nager en toute tranquillit\u00e9 d\u2019esprit?[\/mk_fancy_title][mk_padding_divider visibility=\u00a0\u00bbvisible-sm\u00a0\u00bb][\/vc_column][vc_column width=\u00a0\u00bb1\/3&Prime;][mk_padding_divider size=\u00a0\u00bb30&Prime; visibility=\u00a0\u00bbhidden-sm\u00a0\u00bb][mk_button dimension=\u00a0\u00bbflat\u00a0\u00bb size=\u00a0\u00bblarge\u00a0\u00bb letter_spacing=\u00a0\u00bb1&Prime; url=\u00a0\u00bbhttps:\/\/stcmovers.com\/fr\/joindre-demenagement-stc-montreal-rive-sud\/\u00a0\u00bb align=\u00a0\u00bbright\u00a0\u00bb margin_bottom=\u00a0\u00bb0&Prime; margin_right=\u00a0\u00bb0&Prime; bg_color=\u00a0\u00bb#ffffff\u00a0\u00bb btn_hover_bg=\u00a0\u00bb#332756&Prime; text_color=\u00a0\u00bbdark\u00a0\u00bb btn_hover_txt_color=\u00a0\u00bb#ffffff\u00a0\u00bb]Contactez nos d\u00e9m\u00e9nageurs[\/mk_button][mk_padding_divider visibility=\u00a0\u00bbvisible-sm\u00a0\u00bb][\/vc_column][\/mk_page_section]\n<\/section>","protected":false},"excerpt":{"rendered":"<p>[mk_page_section bg_image=\u00a0\u00bbhttps:\/\/stcmovers.com\/wp-content\/uploads\/demenageurs-professionnels-stc.jpg\u00a0\u00bb bg_position=\u00a0\u00bbcenter top\u00a0\u00bb bg_repeat=\u00a0\u00bbno-repeat\u00a0\u00bb bg_stretch=\u00a0\u00bbtrue\u00a0\u00bb video_color_mask=\u00a0\u00bb#000000&Prime; video_opacity=\u00a0\u00bb0.3&Prime; min_height=\u00a0\u00bb400&Prime; js_vertical_centered=\u00a0\u00bbtrue\u00a0\u00bb padding_top=\u00a0\u00bb0&Prime; padding_bottom=\u00a0\u00bb0&Prime; sidebar=\u00a0\u00bbsidebar-1&Prime;][vc_column width=\u00a0\u00bb1\/2&Prime;][mk_padding_divider size=\u00a0\u00bb150&Prime; visibility=\u00a0\u00bbhidden-sm\u00a0\u00bb][mk_fancy_title tag_name=\u00a0\u00bbspan\u00a0\u00bb color=\u00a0\u00bb#ffffff\u00a0\u00bb size=\u00a0\u00bb44&Prime; force_font_size=\u00a0\u00bbtrue\u00a0\u00bb size_tablet=\u00a0\u00bb36&Prime; size_phone=\u00a0\u00bb30&Prime; font_weight=\u00a0\u00bbbold\u00a0\u00bb txt_transform=\u00a0\u00bbnone\u00a0\u00bb margin_bottom=\u00a0\u00bb0&Prime; font_family=\u00a0\u00bbnone\u00a0\u00bb animation=\u00a0\u00bbleft-to-right\u00a0\u00bb]Pour un d\u00e9m\u00e9nagement \u00e0 Ch\u00e2teauguay[\/mk_fancy_title][mk_button dimension=\u00a0\u00bbflat\u00a0\u00bb size=\u00a0\u00bblarge\u00a0\u00bb url=\u00a0\u00bb\/fr\/estimer-le-prix\/\u00a0\u00bb bg_color=\u00a0\u00bb#ff6100&Prime; btn_hover_bg=\u00a0\u00bb#332756&Prime; btn_hover_txt_color=\u00a0\u00bb#ffffff\u00a0\u00bb]Demandez une soumission gratuite[\/mk_button][mk_button dimension=\u00a0\u00bbflat\u00a0\u00bb size=\u00a0\u00bblarge\u00a0\u00bb url=\u00a0\u00bbtel:+14388770455&Prime; visibility=\u00a0\u00bbvisible-sm\u00a0\u00bb bg_color=\u00a0\u00bb#ff6100&Prime; btn_hover_bg=\u00a0\u00bb#332756&Prime; btn_hover_txt_color=\u00a0\u00bb#ffffff\u00a0\u00bb](438) 877-0455[\/mk_button][mk_padding_divider size=\u00a0\u00bb150&Prime; visibility=\u00a0\u00bbhidden-sm\u00a0\u00bb][\/vc_column][vc_column width=\u00a0\u00bb1\/2&Prime;][\/vc_column][\/mk_page_section][vc_row][vc_column][mk_padding_divider size=\u00a0\u00bb100&Prime;][\/vc_column][\/vc_row][vc_row][vc_column width=\u00a0\u00bb7\/12&Prime;][mk_padding_divider visibility=\u00a0\u00bbvisible-sm\u00a0\u00bb][mk_fancy_title tag_name=\u00a0\u00bbspan\u00a0\u00bb [&hellip;]<\/p>\n","protected":false},"author":15,"featured_media":0,"parent":0,"menu_order":0,"comment_status":"closed","ping_status":"closed","template":"","meta":{"footnotes":""},"class_list":["post-3530","page","type-page","status-publish","hentry"],"_links":{"self":[{"href":"https:\/\/stcmovers.com\/fr\/wp-json\/wp\/v2\/pages\/3530","targetHints":{"allow":["GET"]}}],"collection":[{"href":"https:\/\/stcmovers.com\/fr\/wp-json\/wp\/v2\/pages"}],"about":[{"href":"https:\/\/stcmovers.com\/fr\/wp-json\/wp\/v2\/types\/page"}],"author":[{"embeddable":true,"href":"https:\/\/stcmovers.com\/fr\/wp-json\/wp\/v2\/users\/15"}],"replies":[{"embeddable":true,"href":"https:\/\/stcmovers.com\/fr\/wp-json\/wp\/v2\/comments?post=3530"}],"version-history":[{"count":6,"href":"https:\/\/stcmovers.com\/fr\/wp-json\/wp\/v2\/pages\/3530\/revisions"}],"predecessor-version":[{"id":4455,"href":"https:\/\/stcmovers.com\/fr\/wp-json\/wp\/v2\/pages\/3530\/revisions\/4455"}],"wp:attachment":[{"href":"https:\/\/stcmovers.com\/fr\/wp-json\/wp\/v2\/media?parent=3530"}],"curies":[{"name":"wp","href":"https:\/\/api.w.org\/{rel}","templated":true}]}}