{"id":3627,"date":"2023-01-22T14:09:01","date_gmt":"2023-01-22T09:09:01","guid":{"rendered":"https:\/\/stcmovers.com\/?page_id=3627"},"modified":"2023-03-08T04:09:54","modified_gmt":"2023-03-07T23:09:54","slug":"payez-votre-depot","status":"publish","type":"page","link":"https:\/\/stcmovers.com\/fr\/payez-votre-depot\/","title":{"rendered":"Payez Votre D\u00e9p\u00f4t"},"content":{"rendered":"<section class=\"wpb-content-wrapper\">[vc_row][vc_column][mk_padding_divider size=\u00a0\u00bb100&Prime;][\/vc_column][\/vc_row][vc_row][vc_column width=\u00a0\u00bb1\/4&Prime;][\/vc_column][vc_column width=\u00a0\u00bb1\/2&Prime;][vc_column_text css=\u00a0\u00bb.vc_custom_1674378541059{margin-bottom: 40px !important;}\u00a0\u00bb]\n<h3 style=\"text-align: center;\">Payez votre d\u00e9p\u00f4t de 100$ pour r\u00e9server votre d\u00e9m\u00e9nagement<\/h3>\n[\/vc_column_text][vc_raw_html el_class=\u00a0\u00bbpaypal-button\u00a0\u00bb]JTNDZm9ybSUyMGFjdGlvbiUzRCUyMmh0dHBzJTNBJTJGJTJGd3d3LnBheXBhbC5jb20lMkZjZ2ktYmluJTJGd2Vic2NyJTIyJTIwbWV0aG9kJTNEJTIycG9zdCUyMiUyMHRhcmdldCUzRCUyMl90b3AlMjIlM0UlMEElMjAlMjAlMjAlMjAlM0NpbnB1dCUyMHR5cGUlM0QlMjJoaWRkZW4lMjIlMjBuYW1lJTNEJTIyY21kJTIyJTIwdmFsdWUlM0QlMjJfcy14Y2xpY2slMjIlM0UlMEElMjAlMjAlMjAlMjAlM0NpbnB1dCUyMHR5cGUlM0QlMjJoaWRkZW4lMjIlMjBuYW1lJTNEJTIyaG9zdGVkX2J1dHRvbl9pZCUyMiUyMHZhbHVlJTNEJTIyUEtTNzZHVVkzRDNXVSUyMiUzRSUwQSUyMCUyMCUyMCUyMCUzQ2lucHV0JTIwdHlwZSUzRCUyMmltYWdlJTIyJTIwc3JjJTNEJTIyaHR0cHMlM0ElMkYlMkZ3d3cucGF5cGFsb2JqZWN0cy5jb20lMkZlbl9VUyUyRmklMkZidG4lMkZidG5fcGF5bm93Q0NfTEcuZ2lmJTIyJTIwYm9yZGVyJTNEJTIyMCUyMiUyMG5hbWUlM0QlMjJzdWJtaXQlMjIlMjBhbHQlM0QlMjJQYXlQYWwlMjAtJTIwVGhlJTIwc2FmZXIlMkMlMjBlYXNpZXIlMjB3YXklMjB0byUyMHBheSUyMG9ubGluZSUyMSUyMiUzRSUwQSUyMCUyMCUyMCUyMCUzQ2ltZyUyMGFsdCUzRCUyMiUyMiUyMGJvcmRlciUzRCUyMjAlMjIlMjBzcmMlM0QlMjJodHRwcyUzQSUyRiUyRnd3dy5wYXlwYWxvYmplY3RzLmNvbSUyRmVuX1VTJTJGaSUyRnNjciUyRnBpeGVsLmdpZiUyMiUyMHdpZHRoJTNEJTIyMSUyMiUyMGhlaWdodCUzRCUyMjElMjIlM0UlMEElM0MlMkZmb3JtJTNF[\/vc_raw_html][\/vc_column][vc_column width=\u00a0\u00bb1\/4&Prime;][\/vc_column][\/vc_row][vc_row][vc_column][mk_padding_divider size=\u00a0\u00bb100&Prime;][\/vc_column][\/vc_row]\n<\/section>","protected":false},"excerpt":{"rendered":"<p>[vc_row][vc_column][mk_padding_divider size=\u00a0\u00bb100&Prime;][\/vc_column][\/vc_row][vc_row][vc_column width=\u00a0\u00bb1\/4&Prime;][\/vc_column][vc_column width=\u00a0\u00bb1\/2&Prime;][vc_column_text css=\u00a0\u00bb.vc_custom_1674378541059{margin-bottom: 40px !important;}\u00a0\u00bb] Payez votre d\u00e9p\u00f4t de 100$ pour r\u00e9server votre d\u00e9m\u00e9nagement [\/vc_column_text][vc_raw_html el_class=\u00a0\u00bbpaypal-button\u00a0\u00bb]JTNDZm9ybSUyMGFjdGlvbiUzRCUyMmh0dHBzJTNBJTJGJTJGd3d3LnBheXBhbC5jb20lMkZjZ2ktYmluJTJGd2Vic2NyJTIyJTIwbWV0aG9kJTNEJTIycG9zdCUyMiUyMHRhcmdldCUzRCUyMl90b3AlMjIlM0UlMEElMjAlMjAlMjAlMjAlM0NpbnB1dCUyMHR5cGUlM0QlMjJoaWRkZW4lMjIlMjBuYW1lJTNEJTIyY21kJTIyJTIwdmFsdWUlM0QlMjJfcy14Y2xpY2slMjIlM0UlMEElMjAlMjAlMjAlMjAlM0NpbnB1dCUyMHR5cGUlM0QlMjJoaWRkZW4lMjIlMjBuYW1lJTNEJTIyaG9zdGVkX2J1dHRvbl9pZCUyMiUyMHZhbHVlJTNEJTIyUEtTNzZHVVkzRDNXVSUyMiUzRSUwQSUyMCUyMCUyMCUyMCUzQ2lucHV0JTIwdHlwZSUzRCUyMmltYWdlJTIyJTIwc3JjJTNEJTIyaHR0cHMlM0ElMkYlMkZ3d3cucGF5cGFsb2JqZWN0cy5jb20lMkZlbl9VUyUyRmklMkZidG4lMkZidG5fcGF5bm93Q0NfTEcuZ2lmJTIyJTIwYm9yZGVyJTNEJTIyMCUyMiUyMG5hbWUlM0QlMjJzdWJtaXQlMjIlMjBhbHQlM0QlMjJQYXlQYWwlMjAtJTIwVGhlJTIwc2FmZXIlMkMlMjBlYXNpZXIlMjB3YXklMjB0byUyMHBheSUyMG9ubGluZSUyMSUyMiUzRSUwQSUyMCUyMCUyMCUyMCUzQ2ltZyUyMGFsdCUzRCUyMiUyMiUyMGJvcmRlciUzRCUyMjAlMjIlMjBzcmMlM0QlMjJodHRwcyUzQSUyRiUyRnd3dy5wYXlwYWxvYmplY3RzLmNvbSUyRmVuX1VTJTJGaSUyRnNjciUyRnBpeGVsLmdpZiUyMiUyMHdpZHRoJTNEJTIyMSUyMiUyMGhlaWdodCUzRCUyMjElMjIlM0UlMEElM0MlMkZmb3JtJTNF[\/vc_raw_html][\/vc_column][vc_column width=\u00a0\u00bb1\/4&Prime;][\/vc_column][\/vc_row][vc_row][vc_column][mk_padding_divider size=\u00a0\u00bb100&Prime;][\/vc_column][\/vc_row]<\/p>\n","protected":false},"author":15,"featured_media":0,"parent":0,"menu_order":0,"comment_status":"closed","ping_status":"closed","template":"","meta":{"footnotes":""},"class_list":["post-3627","page","type-page","status-publish","hentry"],"_links":{"self":[{"href":"https:\/\/stcmovers.com\/fr\/wp-json\/wp\/v2\/pages\/3627","targetHints":{"allow":["GET"]}}],"collection":[{"href":"https:\/\/stcmovers.com\/fr\/wp-json\/wp\/v2\/pages"}],"about":[{"href":"https:\/\/stcmovers.com\/fr\/wp-json\/wp\/v2\/types\/page"}],"author":[{"embeddable":true,"href":"https:\/\/stcmovers.com\/fr\/wp-json\/wp\/v2\/users\/15"}],"replies":[{"embeddable":true,"href":"https:\/\/stcmovers.com\/fr\/wp-json\/wp\/v2\/comments?post=3627"}],"version-history":[{"count":3,"href":"https:\/\/stcmovers.com\/fr\/wp-json\/wp\/v2\/pages\/3627\/revisions"}],"predecessor-version":[{"id":4213,"href":"https:\/\/stcmovers.com\/fr\/wp-json\/wp\/v2\/pages\/3627\/revisions\/4213"}],"wp:attachment":[{"href":"https:\/\/stcmovers.com\/fr\/wp-json\/wp\/v2\/media?parent=3627"}],"curies":[{"name":"wp","href":"https:\/\/api.w.org\/{rel}","templated":true}]}}