{"id":465,"date":"2019-12-04T19:59:37","date_gmt":"2019-12-04T14:59:37","guid":{"rendered":"https:\/\/stcmovers.com\/?page_id=465"},"modified":"2023-02-08T03:22:37","modified_gmt":"2023-02-07T22:22:37","slug":"estimer-le-prix","status":"publish","type":"page","link":"https:\/\/stcmovers.com\/fr\/estimer-le-prix\/","title":{"rendered":"Estimation"},"content":{"rendered":"<section class=\"wpb-content-wrapper\">[vc_row][vc_column][mk_padding_divider size=\u00a0\u00bb100&Prime;][\/vc_column][\/vc_row][vc_row][vc_column width=\u00a0\u00bb1\/6&Prime;][\/vc_column][vc_column width=\u00a0\u00bb2\/3&Prime;][mk_padding_divider visibility=\u00a0\u00bbvisible-sm\u00a0\u00bb][vc_column_text align=\u00a0\u00bbcenter\u00a0\u00bb css=\u00a0\u00bb.vc_custom_1578328866862{margin-bottom: 0px !important;}\u00a0\u00bb]\n<h1>Obtenez une estimation pour votre d\u00e9m\u00e9nagement<\/h1>\n<h2>gratuitement et rapidement<\/h2>\n[\/vc_column_text][mk_divider style=\u00a0\u00bbthin_solid\u00a0\u00bb divider_width=\u00a0\u00bbcustom_width\u00a0\u00bb custom_width=\u00a0\u00bb50&Prime; thin_single_color=\u00a0\u00bb#ff6100&Prime; thickness=\u00a0\u00bb2&Prime; margin_top=\u00a0\u00bb10&Prime; visibility=\u00a0\u00bbhidden-sm\u00a0\u00bb animation=\u00a0\u00bbright-to-left\u00a0\u00bb][\/vc_column][vc_column width=\u00a0\u00bb1\/6&Prime;][\/vc_column][\/vc_row][vc_row][vc_column][vc_tta_tabs color=\u00a0\u00bborange\u00a0\u00bb alignment=\u00a0\u00bbcenter\u00a0\u00bb active_section=\u00a0\u00bb1&Prime; css=\u00a0\u00bb.vc_custom_1609853274748{padding-top: 30px !important;padding-bottom: 10px !important;}\u00a0\u00bb][vc_tta_section title=\u00a0\u00bbDevis en ligne\u00a0\u00bb tab_id=\u00a0\u00bbdevis-en-ligne\u00a0\u00bb]<div class=\"wpcf7 no-js\" id=\"wpcf7-f468-o1\" lang=\"en-CA\" dir=\"ltr\">\n<div class=\"screen-reader-response\"><p role=\"status\" aria-live=\"polite\" aria-atomic=\"true\"><\/p> <ul><\/ul><\/div>\n<form action=\"\/fr\/wp-json\/wp\/v2\/pages\/465#wpcf7-f468-o1\" method=\"post\" class=\"wpcf7-form init cf7mls-no-scroll cf7mls-no-moving-animation\" aria-label=\"Contact form\" novalidate=\"novalidate\" data-status=\"init\">\n<div style=\"display: none;\">\n<input type=\"hidden\" name=\"_wpcf7\" value=\"468\" \/>\n<input type=\"hidden\" name=\"_wpcf7_version\" value=\"5.7.2\" \/>\n<input type=\"hidden\" name=\"_wpcf7_locale\" value=\"en_CA\" \/>\n<input type=\"hidden\" name=\"_wpcf7_unit_tag\" value=\"wpcf7-f468-o1\" \/>\n<input type=\"hidden\" name=\"_wpcf7_container_post\" value=\"0\" \/>\n<input type=\"hidden\" name=\"_wpcf7_posted_data_hash\" value=\"\" \/>\n<input type=\"hidden\" name=\"_wpcf7_recaptcha_response\" value=\"\" \/>\n<\/div>\n<div class=\"bjm-estimate-form\">\n\t<p><span class=\"wpcf7-form-control-wrap\" data-name=\"your-name\"><input size=\"40\" class=\"wpcf7-form-control wpcf7-text wpcf7-validates-as-required\" aria-required=\"true\" aria-invalid=\"false\" placeholder=\"Nom complet*\" value=\"\" type=\"text\" name=\"your-name\" \/><\/span><span class=\"wpcf7-form-control-wrap\" data-name=\"your-tel\"><input size=\"40\" class=\"wpcf7-form-control wpcf7-text wpcf7-tel wpcf7-validates-as-required wpcf7-validates-as-tel\" aria-required=\"true\" aria-invalid=\"false\" placeholder=\"Num\u00e9ro de t\u00e9l\u00e9phone*\" value=\"\" type=\"tel\" name=\"your-tel\" \/><\/span><br \/>\n<span class=\"wpcf7-form-control-wrap\" data-name=\"your-email\"><input size=\"40\" class=\"wpcf7-form-control wpcf7-text wpcf7-email wpcf7-validates-as-required wpcf7-validates-as-email\" aria-required=\"true\" aria-invalid=\"false\" placeholder=\"Courriel*\" value=\"\" type=\"email\" name=\"your-email\" \/><\/span><span class=\"wpcf7-form-control-wrap\" data-name=\"your-moing\"><select class=\"wpcf7-form-control wpcf7-select wpcf7-validates-as-required\" aria-required=\"true\" aria-invalid=\"false\" name=\"your-moing\"><option value=\"\">Type de d\u00e9m\u00e9nagement*<\/option><option value=\"R\u00e9sidentiel\">R\u00e9sidentiel<\/option><option value=\"Commercial\">Commercial<\/option><option value=\"Livraison\">Livraison<\/option><option value=\"Main d&#039;oeuvre seulement\">Main d&#039;oeuvre seulement<\/option><\/select><\/span><br \/>\n<span class=\"wpcf7-form-control-wrap\" data-name=\"our-big-items\"><input size=\"40\" class=\"wpcf7-form-control wpcf7-text\" aria-invalid=\"false\" placeholder=\"Nombre de gros meubles\" value=\"\" type=\"text\" name=\"our-big-items\" \/><\/span><span class=\"wpcf7-form-control-wrap\" data-name=\"your-small-items\"><input size=\"40\" class=\"wpcf7-form-control wpcf7-text\" aria-invalid=\"false\" placeholder=\"Nombre de bo\u00eetes\" value=\"\" type=\"text\" name=\"your-small-items\" \/><\/span>\n\t<\/p>\n\t<div class=\"bjm-half-form\">\n\t\t<h4>Informations de d\u00e9part\n\t\t<\/h4>\n\t\t<p><span class=\"wpcf7-form-control-wrap\" data-name=\"your-address\"><input size=\"40\" class=\"wpcf7-form-control wpcf7-text\" aria-invalid=\"false\" placeholder=\"Adresse de d\u00e9part\" value=\"\" type=\"text\" name=\"your-address\" \/><\/span><br \/>\n<span class=\"wpcf7-form-control-wrap\" data-name=\"your-address-cp\"><input size=\"40\" class=\"wpcf7-form-control wpcf7-text\" aria-invalid=\"false\" placeholder=\"Code postal de l\u2019adresse de d\u00e9part*\" value=\"\" type=\"text\" name=\"your-address-cp\" \/><\/span><span class=\"wpcf7-form-control-wrap\" data-name=\"your-floor\"><input size=\"40\" class=\"wpcf7-form-control wpcf7-text\" aria-invalid=\"false\" placeholder=\"\u00c9tage\" value=\"\" type=\"text\" name=\"your-floor\" \/><\/span><br \/>\nAcc\u00e8s \u00e0 un ascenseur au d\u00e9part* <span class=\"wpcf7-form-control-wrap\" data-name=\"your-elevator\"><span class=\"wpcf7-form-control wpcf7-radio\"><span class=\"wpcf7-list-item first\"><input type=\"radio\" name=\"your-elevator\" value=\"Disponible\" tabindex=\"\" \/><span class=\"wpcf7-list-item-label\">Disponible<\/span><\/span><span class=\"wpcf7-list-item last\"><input type=\"radio\" name=\"your-elevator\" value=\"Non disponible\" tabindex=\"\" \/><span class=\"wpcf7-list-item-label\">Non disponible<\/span><\/span><\/span><\/span>\n\t\t<\/p>\n\t<\/div>\n\t<div class=\"bjm-half-form\">\n\t\t<h4>Information d'arriv\u00e9e\n\t\t<\/h4>\n\t\t<p><span class=\"wpcf7-form-control-wrap\" data-name=\"your-address-arrival\"><input size=\"40\" class=\"wpcf7-form-control wpcf7-text\" aria-invalid=\"false\" placeholder=\"Adresse d\u2019arriv\u00e9e\" value=\"\" type=\"text\" name=\"your-address-arrival\" \/><\/span><br \/>\n<span class=\"wpcf7-form-control-wrap\" data-name=\"your-address-cp-arrival\"><input size=\"40\" class=\"wpcf7-form-control wpcf7-text wpcf7-validates-as-required\" aria-required=\"true\" aria-invalid=\"false\" placeholder=\"Code postal de l\u2019adresse d\u2019arriv\u00e9e*\" value=\"\" type=\"text\" name=\"your-address-cp-arrival\" \/><\/span><span class=\"wpcf7-form-control-wrap\" data-name=\"your-floor-arrival\"><input size=\"40\" class=\"wpcf7-form-control wpcf7-text\" aria-invalid=\"false\" placeholder=\"\u00c9tage d\u2019arriv\u00e9e\" value=\"\" type=\"text\" name=\"your-floor-arrival\" \/><\/span><br \/>\nAcc\u00e8s \u00e0 un ascenseur \u00e0 l\u2019arriv\u00e9e* <span class=\"wpcf7-form-control-wrap\" data-name=\"your-elevator-arival\"><span class=\"wpcf7-form-control wpcf7-radio\"><span class=\"wpcf7-list-item first\"><input type=\"radio\" name=\"your-elevator-arival\" value=\"Disponible\" tabindex=\"\" \/><span class=\"wpcf7-list-item-label\">Disponible<\/span><\/span><span class=\"wpcf7-list-item last\"><input type=\"radio\" name=\"your-elevator-arival\" value=\"Non disponible\" tabindex=\"\" \/><span class=\"wpcf7-list-item-label\">Non disponible<\/span><\/span><\/span><\/span>\n\t\t<\/p>\n\t<\/div>\n\t<div style=\"margin-top:30px;\">\n\t\t<h4>Date du d\u00e9m\u00e9nagement*\n\t\t<\/h4>\n\t\t<p><span class=\"wpcf7-form-control-wrap\" data-name=\"your-date\"><input size=\"40\" class=\"wpcf7-form-control wpcf7-text wpcf7-validates-as-required\" aria-required=\"true\" aria-invalid=\"false\" placeholder=\"AAAA-MM-JJ\" value=\"\" type=\"text\" name=\"your-date\" \/><\/span>\n\t\t<\/p>\n\t<\/div>\n\t<p><span class=\"wpcf7-form-control-wrap\" data-name=\"your-message\"><textarea cols=\"40\" rows=\"10\" class=\"wpcf7-form-control wpcf7-textarea\" aria-invalid=\"false\" placeholder=\"Message\" name=\"your-message\"><\/textarea><\/span>\n\t<\/p>\n\n\t<p><input class=\"wpcf7-form-control has-spinner wpcf7-submit\" type=\"submit\" value=\"Envoyer\" \/>\n\t<\/p>\n<\/div>\n<p><script>\ndocument.addEventListener( 'wpcf7mailsent', function( event ) {\nif(event.detail.contactFormId == '468') {\n \tlocation = 'https:\/\/stcmovers.com\/fr\/merci\/';\n}\n}, false );\n<\/script>\n<\/p><input type='hidden' class='wpcf7-pum' value='{\"closepopup\":false,\"closedelay\":0,\"openpopup\":false,\"openpopup_id\":0}' \/><div class=\"wpcf7-response-output\" aria-hidden=\"true\"><\/div><\/form><\/div>[\/vc_tta_section][vc_tta_section title=\u00a0\u00bbDevis gratuit sur place\u00a0\u00bb tab_id=\u00a0\u00bbdevis-sur-place\u00a0\u00bb][vc_column_text align=\u00a0\u00bbcenter\u00a0\u00bb css=\u00a0\u00bb.vc_custom_1614624975699{margin-bottom: 0px !important;}\u00a0\u00bb]\n<h2>Devis gratuit \u00e0 domicile<\/h2>\n<p>Veuillez remplir le formulaire, afin que nous puissions venir vous faire un devis en personne.<br \/>\nSoyez rassur\u00e9 : AUCUN frais n&rsquo;est associ\u00e9 \u00e0 ce service.<\/p>\n<p>Nous \u00e9valuerons simplement l&rsquo;ampleur du travail, nous vous donnerons un prix officiel et vous pourrez d\u00e9cider si vous souhaitez travailler avec nous, ou pas.<br \/>\n[\/vc_column_text]<div class=\"wpcf7 no-js\" id=\"wpcf7-f2167-o2\" lang=\"en-CA\" dir=\"ltr\">\n<div class=\"screen-reader-response\"><p role=\"status\" aria-live=\"polite\" aria-atomic=\"true\"><\/p> <ul><\/ul><\/div>\n<form action=\"\/fr\/wp-json\/wp\/v2\/pages\/465#wpcf7-f2167-o2\" method=\"post\" class=\"wpcf7-form init cf7mls-no-scroll cf7mls-no-moving-animation\" aria-label=\"Contact form\" novalidate=\"novalidate\" data-status=\"init\">\n<div style=\"display: none;\">\n<input type=\"hidden\" name=\"_wpcf7\" value=\"2167\" \/>\n<input type=\"hidden\" name=\"_wpcf7_version\" value=\"5.7.2\" \/>\n<input type=\"hidden\" name=\"_wpcf7_locale\" value=\"en_CA\" \/>\n<input type=\"hidden\" name=\"_wpcf7_unit_tag\" value=\"wpcf7-f2167-o2\" \/>\n<input type=\"hidden\" name=\"_wpcf7_container_post\" value=\"0\" \/>\n<input type=\"hidden\" name=\"_wpcf7_posted_data_hash\" value=\"\" \/>\n<input type=\"hidden\" name=\"_wpcf7_recaptcha_response\" value=\"\" \/>\n<\/div>\n<div class=\"bjm-estimate-form bjm-onsite-form\">\n\t<p><span class=\"wpcf7-form-control-wrap\" data-name=\"your-name\"><input size=\"40\" class=\"wpcf7-form-control wpcf7-text wpcf7-validates-as-required\" aria-required=\"true\" aria-invalid=\"false\" placeholder=\"Nom complet*\" value=\"\" type=\"text\" name=\"your-name\" \/><\/span><span class=\"wpcf7-form-control-wrap\" data-name=\"your-tel\"><input size=\"40\" class=\"wpcf7-form-control wpcf7-text wpcf7-tel wpcf7-validates-as-required wpcf7-validates-as-tel\" aria-required=\"true\" aria-invalid=\"false\" placeholder=\"Num\u00e9ro de t\u00e9l\u00e9phone*\" value=\"\" type=\"tel\" name=\"your-tel\" \/><\/span><br \/>\n<span class=\"wpcf7-form-control-wrap\" data-name=\"your-email\"><input size=\"40\" class=\"wpcf7-form-control wpcf7-text wpcf7-email wpcf7-validates-as-required wpcf7-validates-as-email\" aria-required=\"true\" aria-invalid=\"false\" placeholder=\"Courriel*\" value=\"\" type=\"email\" name=\"your-email\" \/><\/span><span class=\"wpcf7-form-control-wrap\" data-name=\"your-address\"><textarea cols=\"40\" rows=\"10\" class=\"wpcf7-form-control wpcf7-textarea wpcf7-validates-as-required\" aria-required=\"true\" aria-invalid=\"false\" placeholder=\"Adresse*\" name=\"your-address\"><\/textarea><\/span>\n\t<\/p>\n\t<div class=\"bjm-half-form\">\n\t\t<h4>Quel est le meilleur moment pour vous visiter ?*\n\t\t<\/h4>\n\t\t<p><span class=\"wpcf7-form-control-wrap\" data-name=\"your-date\"><input size=\"40\" class=\"wpcf7-form-control wpcf7-text wpcf7-validates-as-required\" aria-required=\"true\" aria-invalid=\"false\" placeholder=\"YYYY-MM-DD\" value=\"\" type=\"text\" name=\"your-date\" \/><\/span><br \/>\n<em><small>Nous vous confirmerons la date et l\u2019heure par t\u00e9l\u00e9phone ou par courriel<\/small><\/em>\n\t\t<\/p>\n\t<\/div>\n\t<div class=\"bjm-half-form\">\n\t\t<h4>Date du d\u00e9m\u00e9nagement\n\t\t<\/h4>\n\t\t<p><span class=\"wpcf7-form-control-wrap\" data-name=\"your-move-date\"><input size=\"40\" class=\"wpcf7-form-control wpcf7-text\" aria-invalid=\"false\" placeholder=\"AAAA-MM-JJ\" value=\"\" type=\"text\" name=\"your-move-date\" \/><\/span>\n\t\t<\/p>\n\t<\/div>\n\n\t<p><input class=\"wpcf7-form-control has-spinner wpcf7-submit\" type=\"submit\" value=\"Envoyer\" \/>\n\t<\/p>\n<\/div>\n<p><script>\ndocument.addEventListener( 'wpcf7mailsent', function( event ) {\nif(event.detail.contactFormId == '2167') {\n \tlocation = 'https:\/\/stcmovers.com\/fr\/merci\/';\n}\n}, false );\n<\/script>\n<\/p><input type='hidden' class='wpcf7-pum' value='{\"closepopup\":false,\"closedelay\":0,\"openpopup\":false,\"openpopup_id\":0}' \/><div class=\"wpcf7-response-output\" aria-hidden=\"true\"><\/div><\/form><\/div>[\/vc_tta_section][\/vc_tta_tabs][mk_padding_divider size=\u00a0\u00bb100&Prime;][\/vc_column][\/vc_row][vc_row][vc_column][mk_padding_divider size=\u00a0\u00bb100&Prime;][\/vc_column][\/vc_row]\n<\/section>","protected":false},"excerpt":{"rendered":"<p>[vc_row][vc_column][mk_padding_divider size=\u00a0\u00bb100&Prime;][\/vc_column][\/vc_row][vc_row][vc_column width=\u00a0\u00bb1\/6&Prime;][\/vc_column][vc_column width=\u00a0\u00bb2\/3&Prime;][mk_padding_divider visibility=\u00a0\u00bbvisible-sm\u00a0\u00bb][vc_column_text align=\u00a0\u00bbcenter\u00a0\u00bb css=\u00a0\u00bb.vc_custom_1578328866862{margin-bottom: 0px !important;}\u00a0\u00bb] Obtenez une estimation pour votre d\u00e9m\u00e9nagement gratuitement et rapidement [\/vc_column_text][mk_divider style=\u00a0\u00bbthin_solid\u00a0\u00bb divider_width=\u00a0\u00bbcustom_width\u00a0\u00bb custom_width=\u00a0\u00bb50&Prime; thin_single_color=\u00a0\u00bb#ff6100&Prime; thickness=\u00a0\u00bb2&Prime; margin_top=\u00a0\u00bb10&Prime; visibility=\u00a0\u00bbhidden-sm\u00a0\u00bb animation=\u00a0\u00bbright-to-left\u00a0\u00bb][\/vc_column][vc_column width=\u00a0\u00bb1\/6&Prime;][\/vc_column][\/vc_row][vc_row][vc_column][vc_tta_tabs color=\u00a0\u00bborange\u00a0\u00bb alignment=\u00a0\u00bbcenter\u00a0\u00bb active_section=\u00a0\u00bb1&Prime; css=\u00a0\u00bb.vc_custom_1609853274748{padding-top: 30px !important;padding-bottom: 10px !important;}\u00a0\u00bb][vc_tta_section title=\u00a0\u00bbDevis en ligne\u00a0\u00bb tab_id=\u00a0\u00bbdevis-en-ligne\u00a0\u00bb][\/vc_tta_section][vc_tta_section title=\u00a0\u00bbDevis gratuit sur place\u00a0\u00bb tab_id=\u00a0\u00bbdevis-sur-place\u00a0\u00bb][vc_column_text align=\u00a0\u00bbcenter\u00a0\u00bb css=\u00a0\u00bb.vc_custom_1614624975699{margin-bottom: 0px !important;}\u00a0\u00bb] Devis gratuit \u00e0 domicile Veuillez remplir [&hellip;]<\/p>\n","protected":false},"author":15,"featured_media":0,"parent":0,"menu_order":0,"comment_status":"closed","ping_status":"closed","template":"","meta":{"footnotes":""},"class_list":["post-465","page","type-page","status-publish","hentry"],"_links":{"self":[{"href":"https:\/\/stcmovers.com\/fr\/wp-json\/wp\/v2\/pages\/465","targetHints":{"allow":["GET"]}}],"collection":[{"href":"https:\/\/stcmovers.com\/fr\/wp-json\/wp\/v2\/pages"}],"about":[{"href":"https:\/\/stcmovers.com\/fr\/wp-json\/wp\/v2\/types\/page"}],"author":[{"embeddable":true,"href":"https:\/\/stcmovers.com\/fr\/wp-json\/wp\/v2\/users\/15"}],"replies":[{"embeddable":true,"href":"https:\/\/stcmovers.com\/fr\/wp-json\/wp\/v2\/comments?post=465"}],"version-history":[{"count":10,"href":"https:\/\/stcmovers.com\/fr\/wp-json\/wp\/v2\/pages\/465\/revisions"}],"predecessor-version":[{"id":3944,"href":"https:\/\/stcmovers.com\/fr\/wp-json\/wp\/v2\/pages\/465\/revisions\/3944"}],"wp:attachment":[{"href":"https:\/\/stcmovers.com\/fr\/wp-json\/wp\/v2\/media?parent=465"}],"curies":[{"name":"wp","href":"https:\/\/api.w.org\/{rel}","templated":true}]}}