{"id":471,"date":"2019-12-04T20:30:31","date_gmt":"2019-12-04T15:30:31","guid":{"rendered":"https:\/\/stcmovers.com\/?page_id=471"},"modified":"2024-07-06T03:40:27","modified_gmt":"2024-07-05T22:40:27","slug":"joindre-demenagement-stc-montreal-rive-sud","status":"publish","type":"page","link":"https:\/\/stcmovers.com\/fr\/joindre-demenagement-stc-montreal-rive-sud\/","title":{"rendered":"Contact"},"content":{"rendered":"<section class=\"wpb-content-wrapper\">[mk_page_section bg_image=\u00a0\u00bbhttps:\/\/stcmovers.com\/wp-content\/uploads\/contact-group-stc-opt.jpg\u00a0\u00bb bg_position=\u00a0\u00bbcenter center\u00a0\u00bb bg_repeat=\u00a0\u00bbno-repeat\u00a0\u00bb bg_stretch=\u00a0\u00bbtrue\u00a0\u00bb video_color_mask=\u00a0\u00bb#000000&Prime; video_opacity=\u00a0\u00bb0.3&Prime; min_height=\u00a0\u00bb500&Prime; js_vertical_centered=\u00a0\u00bbtrue\u00a0\u00bb padding_top=\u00a0\u00bb0&Prime; padding_bottom=\u00a0\u00bb0&Prime; sidebar=\u00a0\u00bbsidebar-1&Prime;][vc_column width=\u00a0\u00bb1\/2&Prime;][mk_padding_divider size=\u00a0\u00bb60&Prime; visibility=\u00a0\u00bbvisible-sm\u00a0\u00bb][mk_fancy_title color=\u00a0\u00bb#ffffff\u00a0\u00bb size=\u00a0\u00bb44&Prime; force_font_size=\u00a0\u00bbtrue\u00a0\u00bb size_tablet=\u00a0\u00bb36&Prime; size_phone=\u00a0\u00bb30&Prime; font_weight=\u00a0\u00bbbold\u00a0\u00bb txt_transform=\u00a0\u00bbnone\u00a0\u00bb margin_bottom=\u00a0\u00bb0&Prime; font_family=\u00a0\u00bbnone\u00a0\u00bb animation=\u00a0\u00bbleft-to-right\u00a0\u00bb]Nous sommes sympathiques, accessibles et d\u00e9sireux de vous aider \u00e0 d\u00e9m\u00e9nager[\/mk_fancy_title][mk_button dimension=\u00a0\u00bbflat\u00a0\u00bb size=\u00a0\u00bblarge\u00a0\u00bb url=\u00a0\u00bbtel:+15144184466&Prime; bg_color=\u00a0\u00bb#ff6100&Prime; btn_hover_bg=\u00a0\u00bb#332756&Prime; btn_hover_txt_color=\u00a0\u00bb#ffffff\u00a0\u00bb]Contactez-nous: (514) 418-4466[\/mk_button][\/vc_column][vc_column width=\u00a0\u00bb1\/2&Prime;][\/vc_column][\/mk_page_section][vc_row][vc_column][mk_padding_divider size=\u00a0\u00bb100&Prime;][\/vc_column][\/vc_row][vc_row][vc_column width=\u00a0\u00bb1\/3&Prime;][mk_padding_divider visibility=\u00a0\u00bbvisible-sm\u00a0\u00bb][mk_fancy_title tag_name=\u00a0\u00bbh1&Prime; color=\u00a0\u00bb#ff6100&Prime; size=\u00a0\u00bb22&Prime; font_weight=\u00a0\u00bb400&Prime; txt_transform=\u00a0\u00bbnone\u00a0\u00bb margin_bottom=\u00a0\u00bb0&Prime; font_family=\u00a0\u00bbnone\u00a0\u00bb animation=\u00a0\u00bbright-to-left\u00a0\u00bb]Nous sommes des personnes fiables, travaillantes et nous aimons ce que nous faisons[\/mk_fancy_title][mk_divider style=\u00a0\u00bbthin_solid\u00a0\u00bb divider_width=\u00a0\u00bbcustom_width\u00a0\u00bb custom_width=\u00a0\u00bb50&Prime; align=\u00a0\u00bbleft\u00a0\u00bb thin_single_color=\u00a0\u00bb#ff6100&Prime; thickness=\u00a0\u00bb2&Prime; margin_top=\u00a0\u00bb10&Prime; visibility=\u00a0\u00bbhidden-sm\u00a0\u00bb animation=\u00a0\u00bbright-to-left\u00a0\u00bb][vc_column_text animation=\u00a0\u00bbright-to-left\u00a0\u00bb css=\u00a0\u00bb.vc_custom_1575473322977{margin-bottom: 0px !important;}\u00a0\u00bb]Vous h\u00e9sitez \u00e0 nous confier votre d\u00e9m\u00e9nagement?<\/p>\n<p>Parlez-nous. Dites-nous ce ce que vous d\u00e9sirez d\u00e9m\u00e9nager. Dites-nous ce qui est important pour vous.<\/p>\n<p>Avec des attentes claires des deux c\u00f4t\u00e9s, nous aurons une excellente relation d\u2019affaires.[\/vc_column_text][vc_column_text css=\u00a0\u00bb.vc_custom_1670615871571{margin-bottom: 0px !important;}\u00a0\u00bb]\n<h3>Payez votre d\u00e9p\u00f4t de 100$ pour r\u00e9server votre d\u00e9m\u00e9nagement<\/h3>\n[\/vc_column_text][vc_raw_html]JTNDZGl2JTIwaWQlM0QlMjJzbWFydC1idXR0b24tY29udGFpbmVyJTIyJTNFJTBBJTIwJTIwJTIwJTIwJTIwJTIwJTNDZGl2JTIwc3R5bGUlM0QlMjJ0ZXh0LWFsaWduJTNBJTIwY2VudGVyJTNCJTIyJTNFJTBBJTIwJTIwJTIwJTIwJTIwJTIwJTIwJTIwJTNDZGl2JTIwaWQlM0QlMjJwYXlwYWwtYnV0dG9uLWNvbnRhaW5lciUyMiUzRSUzQyUyRmRpdiUzRSUwQSUyMCUyMCUyMCUyMCUyMCUyMCUzQyUyRmRpdiUzRSUwQSUyMCUyMCUyMCUyMCUzQyUyRmRpdiUzRSUwQSUyMCUyMCUzQ3NjcmlwdCUyMHNyYyUzRCUyMmh0dHBzJTNBJTJGJTJGd3d3LnBheXBhbC5jb20lMkZzZGslMkZqcyUzRmNsaWVudC1pZCUzRHNiJTI2ZW5hYmxlLWZ1bmRpbmclM0R2ZW5tbyUyNmN1cnJlbmN5JTNEQ0FEJTIyJTIwZGF0YS1zZGstaW50ZWdyYXRpb24tc291cmNlJTNEJTIyYnV0dG9uLWZhY3RvcnklMjIlM0UlM0MlMkZzY3JpcHQlM0UlMEElMjAlMjAlM0NzY3JpcHQlM0UlMEElMjAlMjAlMjAlMjBmdW5jdGlvbiUyMGluaXRQYXlQYWxCdXR0b24lMjglMjklMjAlN0IlMEElMjAlMjAlMjAlMjAlMjAlMjBwYXlwYWwuQnV0dG9ucyUyOCU3QiUwQSUyMCUyMCUyMCUyMCUyMCUyMCUyMCUyMHN0eWxlJTNBJTIwJTdCJTBBJTIwJTIwJTIwJTIwJTIwJTIwJTIwJTIwJTIwJTIwc2hhcGUlM0ElMjAlMjdyZWN0JTI3JTJDJTBBJTIwJTIwJTIwJTIwJTIwJTIwJTIwJTIwJTIwJTIwY29sb3IlM0ElMjAlMjdnb2xkJTI3JTJDJTBBJTIwJTIwJTIwJTIwJTIwJTIwJTIwJTIwJTIwJTIwbGF5b3V0JTNBJTIwJTI3dmVydGljYWwlMjclMkMlMEElMjAlMjAlMjAlMjAlMjAlMjAlMjAlMjAlMjAlMjBsYWJlbCUzQSUyMCUyN3BheSUyNyUyQyUwQSUyMCUyMCUyMCUyMCUyMCUyMCUyMCUyMCUyMCUyMCUwQSUyMCUyMCUyMCUyMCUyMCUyMCUyMCUyMCU3RCUyQyUwQSUwQSUyMCUyMCUyMCUyMCUyMCUyMCUyMCUyMGNyZWF0ZU9yZGVyJTNBJTIwZnVuY3Rpb24lMjhkYXRhJTJDJTIwYWN0aW9ucyUyOSUyMCU3QiUwQSUyMCUyMCUyMCUyMCUyMCUyMCUyMCUyMCUyMCUyMHJldHVybiUyMGFjdGlvbnMub3JkZXIuY3JlYXRlJTI4JTdCJTBBJTIwJTIwJTIwJTIwJTIwJTIwJTIwJTIwJTIwJTIwJTIwJTIwcHVyY2hhc2VfdW5pdHMlM0ElMjAlNUIlN0IlMjJkZXNjcmlwdGlvbiUyMiUzQSUyMjEwMCUyNCUyMGRlcG9zaXQlMjBmb3IlMjB5b3VyJTIwbW92ZSUyMiUyQyUyMmFtb3VudCUyMiUzQSU3QiUyMmN1cnJlbmN5X2NvZGUlMjIlM0ElMjJDQUQlMjIlMkMlMjJ2YWx1ZSUyMiUzQTEwMCU3RCU3RCU1RCUwQSUyMCUyMCUyMCUyMCUyMCUyMCUyMCUyMCUyMCUyMCU3RCUyOSUzQiUwQSUyMCUyMCUyMCUyMCUyMCUyMCUyMCUyMCU3RCUyQyUwQSUwQSUyMCUyMCUyMCUyMCUyMCUyMCUyMCUyMG9uQXBwcm92ZSUzQSUyMGZ1bmN0aW9uJTI4ZGF0YSUyQyUyMGFjdGlvbnMlMjklMjAlN0IlMEElMjAlMjAlMjAlMjAlMjAlMjAlMjAlMjAlMjAlMjByZXR1cm4lMjBhY3Rpb25zLm9yZGVyLmNhcHR1cmUlMjglMjkudGhlbiUyOGZ1bmN0aW9uJTI4b3JkZXJEYXRhJTI5JTIwJTdCJTBBJTIwJTIwJTIwJTIwJTIwJTIwJTIwJTIwJTIwJTIwJTIwJTIwJTBBJTIwJTIwJTIwJTIwJTIwJTIwJTIwJTIwJTIwJTIwJTIwJTIwJTJGJTJGJTIwRnVsbCUyMGF2YWlsYWJsZSUyMGRldGFpbHMlMEElMjAlMjAlMjAlMjAlMjAlMjAlMjAlMjAlMjAlMjAlMjAlMjBjb25zb2xlLmxvZyUyOCUyN0NhcHR1cmUlMjByZXN1bHQlMjclMkMlMjBvcmRlckRhdGElMkMlMjBKU09OLnN0cmluZ2lmeSUyOG9yZGVyRGF0YSUyQyUyMG51bGwlMkMlMjAyJTI5JTI5JTNCJTBBJTBBJTIwJTIwJTIwJTIwJTIwJTIwJTIwJTIwJTIwJTIwJTIwJTIwJTJGJTJGJTIwU2hvdyUyMGElMjBzdWNjZXNzJTIwbWVzc2FnZSUyMHdpdGhpbiUyMHRoaXMlMjBwYWdlJTJDJTIwZS5nLiUwQSUyMCUyMCUyMCUyMCUyMCUyMCUyMCUyMCUyMCUyMCUyMCUyMGNvbnN0JTIwZWxlbWVudCUyMCUzRCUyMGRvY3VtZW50LmdldEVsZW1lbnRCeUlkJTI4JTI3cGF5cGFsLWJ1dHRvbi1jb250YWluZXIlMjclMjklM0IlMEElMjAlMjAlMjAlMjAlMjAlMjAlMjAlMjAlMjAlMjAlMjAlMjBlbGVtZW50LmlubmVySFRNTCUyMCUzRCUyMCUyNyUyNyUzQiUwQSUyMCUyMCUyMCUyMCUyMCUyMCUyMCUyMCUyMCUyMCUyMCUyMGVsZW1lbnQuaW5uZXJIVE1MJTIwJTNEJTIwJTI3JTNDaDMlM0VUaGFuayUyMHlvdSUyMGZvciUyMHlvdXIlMjBwYXltZW50JTIxJTNDJTJGaDMlM0UlMjclM0IlMEElMEElMjAlMjAlMjAlMjAlMjAlMjAlMjAlMjAlMjAlMjAlMjAlMjAlMkYlMkYlMjBPciUyMGdvJTIwdG8lMjBhbm90aGVyJTIwVVJMJTNBJTIwJTIwYWN0aW9ucy5yZWRpcmVjdCUyOCUyN3RoYW5rX3lvdS5odG1sJTI3JTI5JTNCJTBBJTIwJTIwJTIwJTIwJTIwJTIwJTIwJTIwJTIwJTIwJTIwJTIwJTBBJTIwJTIwJTIwJTIwJTIwJTIwJTIwJTIwJTIwJTIwJTdEJTI5JTNCJTBBJTIwJTIwJTIwJTIwJTIwJTIwJTIwJTIwJTdEJTJDJTBBJTBBJTIwJTIwJTIwJTIwJTIwJTIwJTIwJTIwb25FcnJvciUzQSUyMGZ1bmN0aW9uJTI4ZXJyJTI5JTIwJTdCJTBBJTIwJTIwJTIwJTIwJTIwJTIwJTIwJTIwJTIwJTIwY29uc29sZS5sb2clMjhlcnIlMjklM0IlMEElMjAlMjAlMjAlMjAlMjAlMjAlMjAlMjAlN0QlMEElMjAlMjAlMjAlMjAlMjAlMjAlN0QlMjkucmVuZGVyJTI4JTI3JTIzcGF5cGFsLWJ1dHRvbi1jb250YWluZXIlMjclMjklM0IlMEElMjAlMjAlMjAlMjAlN0QlMEElMjAlMjAlMjAlMjBpbml0UGF5UGFsQnV0dG9uJTI4JTI5JTNCJTBBJTIwJTIwJTNDJTJGc2NyaXB0JTNF[\/vc_raw_html][\/vc_column][vc_column width=\u00a0\u00bb1\/3&Prime;][vc_column_text css=\u00a0\u00bb.vc_custom_1578330717025{margin-bottom: 0px !important;}\u00a0\u00bb]\n<h3>Discutons de votre d\u00e9m\u00e9nagement<\/h3>\n[\/vc_column_text]<div class=\"wpcf7 no-js\" id=\"wpcf7-f475-o1\" lang=\"en-CA\" dir=\"ltr\">\n<div class=\"screen-reader-response\"><p role=\"status\" aria-live=\"polite\" aria-atomic=\"true\"><\/p> <ul><\/ul><\/div>\n<form action=\"\/fr\/wp-json\/wp\/v2\/pages\/471#wpcf7-f475-o1\" method=\"post\" class=\"wpcf7-form init cf7mls-no-scroll cf7mls-no-moving-animation\" aria-label=\"Contact form\" novalidate=\"novalidate\" data-status=\"init\">\n<div style=\"display: none;\">\n<input type=\"hidden\" name=\"_wpcf7\" value=\"475\" \/>\n<input type=\"hidden\" name=\"_wpcf7_version\" value=\"5.7.2\" \/>\n<input type=\"hidden\" name=\"_wpcf7_locale\" value=\"en_CA\" \/>\n<input type=\"hidden\" name=\"_wpcf7_unit_tag\" value=\"wpcf7-f475-o1\" \/>\n<input type=\"hidden\" name=\"_wpcf7_container_post\" value=\"0\" \/>\n<input type=\"hidden\" name=\"_wpcf7_posted_data_hash\" value=\"\" \/>\n<input type=\"hidden\" name=\"_wpcf7_recaptcha_response\" value=\"\" \/>\n<\/div>\n<p><span class=\"wpcf7-form-control-wrap\" data-name=\"your-name\"><input size=\"40\" class=\"wpcf7-form-control wpcf7-text wpcf7-validates-as-required\" aria-required=\"true\" aria-invalid=\"false\" placeholder=\"Nom*\" value=\"\" type=\"text\" name=\"your-name\" \/><\/span><br \/>\n<span class=\"wpcf7-form-control-wrap\" data-name=\"your-tel\"><input size=\"40\" class=\"wpcf7-form-control wpcf7-text wpcf7-tel wpcf7-validates-as-tel\" aria-invalid=\"false\" placeholder=\"T\u00e9l\u00e9phone\" value=\"\" type=\"tel\" name=\"your-tel\" \/><\/span><br \/>\n<span class=\"wpcf7-form-control-wrap\" data-name=\"your-email\"><input size=\"40\" class=\"wpcf7-form-control wpcf7-text wpcf7-email wpcf7-validates-as-required wpcf7-validates-as-email\" aria-required=\"true\" aria-invalid=\"false\" placeholder=\"Courriel*\" value=\"\" type=\"email\" name=\"your-email\" \/><\/span><br \/>\n<span class=\"wpcf7-form-control-wrap\" data-name=\"your-message\"><textarea cols=\"40\" rows=\"10\" class=\"wpcf7-form-control wpcf7-textarea wpcf7-validates-as-required\" aria-required=\"true\" aria-invalid=\"false\" placeholder=\"Message*\" name=\"your-message\"><\/textarea><\/span>\n<\/p>\n\n<p><input class=\"wpcf7-form-control has-spinner wpcf7-submit\" type=\"submit\" value=\"Envoyer\" \/><br \/>\n<script>\ndocument.addEventListener( 'wpcf7mailsent', function( event ) {\nif(event.detail.contactFormId == '475') {\n \tlocation = 'https:\/\/stcmovers.com\/fr\/merci\/';\n}\n}, false );\n<\/script>\n<\/p><input type='hidden' class='wpcf7-pum' value='{\"closepopup\":false,\"closedelay\":0,\"openpopup\":false,\"openpopup_id\":0}' \/><div class=\"wpcf7-response-output\" aria-hidden=\"true\"><\/div><\/form><\/div>[\/vc_column][vc_column width=\u00a0\u00bb1\/3&Prime;][vc_column_text css=\u00a0\u00bb.vc_custom_1720219223565{margin-bottom: 0px !important;}\u00a0\u00bb]\n<h3>Groupe STC inc.<\/h3>\n<p>3095 Boul Losch, unit\u00e9 H<br \/>\nSt-Hubert QC J3Y 3V7<\/p>\n<p><strong><a href=\"tel:+15144184466\">(514) 418-4466<\/a><\/strong><br \/>\n<strong><a href=\"tel:+18337826683\">Sans frais : 1-833-stc-move<\/a><\/strong><\/p>\n<p>info@stcmovers.com[\/vc_column_text][mk_social_networks size=\u00a0\u00bbmedium\u00a0\u00bb icon_color=\u00a0\u00bb#ff6100&Prime; icon_hover_color=\u00a0\u00bb#332756&Prime; facebook=\u00a0\u00bbhttps:\/\/www.facebook.com\/Demenagement-STC-Movers-101236318103059\/\u00a0\u00bb instagram=\u00a0\u00bbhttps:\/\/www.instagram.com\/stcmovers\/\u00a0\u00bb linkedin=\u00a0\u00bbhttps:\/\/www.linkedin.com\/company\/movers-montreal\u00a0\u00bb][mk_padding_divider][vc_column_text css=\u00a0\u00bb.vc_custom_1575473428886{margin-bottom: 0px !important;}\u00a0\u00bb]\n<h4>Heures d\u2019ouverture<\/h4>\n<p>Lundi : 9h \u00e0 17h<br \/>\nMardi : 9h \u00e0 17h<br \/>\nMercredi : 9h \u00e0 17h<br \/>\nJeudi : 9h \u00e0 17h<br \/>\nVendredi : 9h \u00e0 17h<br \/>\nSamedi : sur rendez-vous<br \/>\nDimanche : sur rendez-vous[\/vc_column_text][\/vc_column][\/vc_row][vc_row][vc_column][mk_padding_divider size=\u00a0\u00bb100&Prime;][\/vc_column][\/vc_row]\n<\/section>","protected":false},"excerpt":{"rendered":"<p>[mk_page_section bg_image=\u00a0\u00bbhttps:\/\/stcmovers.com\/wp-content\/uploads\/contact-group-stc-opt.jpg\u00a0\u00bb bg_position=\u00a0\u00bbcenter center\u00a0\u00bb bg_repeat=\u00a0\u00bbno-repeat\u00a0\u00bb bg_stretch=\u00a0\u00bbtrue\u00a0\u00bb video_color_mask=\u00a0\u00bb#000000&Prime; video_opacity=\u00a0\u00bb0.3&Prime; min_height=\u00a0\u00bb500&Prime; js_vertical_centered=\u00a0\u00bbtrue\u00a0\u00bb padding_top=\u00a0\u00bb0&Prime; padding_bottom=\u00a0\u00bb0&Prime; sidebar=\u00a0\u00bbsidebar-1&Prime;][vc_column width=\u00a0\u00bb1\/2&Prime;][mk_padding_divider size=\u00a0\u00bb60&Prime; visibility=\u00a0\u00bbvisible-sm\u00a0\u00bb][mk_fancy_title color=\u00a0\u00bb#ffffff\u00a0\u00bb size=\u00a0\u00bb44&Prime; force_font_size=\u00a0\u00bbtrue\u00a0\u00bb size_tablet=\u00a0\u00bb36&Prime; size_phone=\u00a0\u00bb30&Prime; font_weight=\u00a0\u00bbbold\u00a0\u00bb txt_transform=\u00a0\u00bbnone\u00a0\u00bb margin_bottom=\u00a0\u00bb0&Prime; font_family=\u00a0\u00bbnone\u00a0\u00bb animation=\u00a0\u00bbleft-to-right\u00a0\u00bb]Nous sommes sympathiques, accessibles et d\u00e9sireux de vous aider \u00e0 d\u00e9m\u00e9nager[\/mk_fancy_title][mk_button dimension=\u00a0\u00bbflat\u00a0\u00bb size=\u00a0\u00bblarge\u00a0\u00bb url=\u00a0\u00bbtel:+15144184466&Prime; bg_color=\u00a0\u00bb#ff6100&Prime; btn_hover_bg=\u00a0\u00bb#332756&Prime; btn_hover_txt_color=\u00a0\u00bb#ffffff\u00a0\u00bb]Contactez-nous: (514) 418-4466[\/mk_button][\/vc_column][vc_column width=\u00a0\u00bb1\/2&Prime;][\/vc_column][\/mk_page_section][vc_row][vc_column][mk_padding_divider size=\u00a0\u00bb100&Prime;][\/vc_column][\/vc_row][vc_row][vc_column width=\u00a0\u00bb1\/3&Prime;][mk_padding_divider visibility=\u00a0\u00bbvisible-sm\u00a0\u00bb][mk_fancy_title tag_name=\u00a0\u00bbh1&Prime; color=\u00a0\u00bb#ff6100&Prime; size=\u00a0\u00bb22&Prime; font_weight=\u00a0\u00bb400&Prime; txt_transform=\u00a0\u00bbnone\u00a0\u00bb margin_bottom=\u00a0\u00bb0&Prime; font_family=\u00a0\u00bbnone\u00a0\u00bb [&hellip;]<\/p>\n","protected":false},"author":15,"featured_media":0,"parent":0,"menu_order":0,"comment_status":"closed","ping_status":"closed","template":"","meta":{"footnotes":""},"class_list":["post-471","page","type-page","status-publish","hentry"],"_links":{"self":[{"href":"https:\/\/stcmovers.com\/fr\/wp-json\/wp\/v2\/pages\/471","targetHints":{"allow":["GET"]}}],"collection":[{"href":"https:\/\/stcmovers.com\/fr\/wp-json\/wp\/v2\/pages"}],"about":[{"href":"https:\/\/stcmovers.com\/fr\/wp-json\/wp\/v2\/types\/page"}],"author":[{"embeddable":true,"href":"https:\/\/stcmovers.com\/fr\/wp-json\/wp\/v2\/users\/15"}],"replies":[{"embeddable":true,"href":"https:\/\/stcmovers.com\/fr\/wp-json\/wp\/v2\/comments?post=471"}],"version-history":[{"count":21,"href":"https:\/\/stcmovers.com\/fr\/wp-json\/wp\/v2\/pages\/471\/revisions"}],"predecessor-version":[{"id":6215,"href":"https:\/\/stcmovers.com\/fr\/wp-json\/wp\/v2\/pages\/471\/revisions\/6215"}],"wp:attachment":[{"href":"https:\/\/stcmovers.com\/fr\/wp-json\/wp\/v2\/media?parent=471"}],"curies":[{"name":"wp","href":"https:\/\/api.w.org\/{rel}","templated":true}]}}