{"id":981,"date":"2020-04-28T18:33:38","date_gmt":"2020-04-28T13:33:38","guid":{"rendered":"https:\/\/stcmovers.com\/?page_id=981"},"modified":"2020-11-11T19:57:40","modified_gmt":"2020-11-11T14:57:40","slug":"entreposage-demenagement","status":"publish","type":"page","link":"https:\/\/stcmovers.com\/fr\/entreposage-demenagement\/","title":{"rendered":"Entreposage"},"content":{"rendered":"<section class=\"wpb-content-wrapper\">[mk_page_section bg_image=\u00a0\u00bbhttps:\/\/stcmovers.com\/wp-content\/uploads\/entreposage-demenagement-stc-opt.jpg\u00a0\u00bb bg_position=\u00a0\u00bbleft bottom\u00a0\u00bb bg_repeat=\u00a0\u00bbno-repeat\u00a0\u00bb bg_stretch=\u00a0\u00bbtrue\u00a0\u00bb video_color_mask=\u00a0\u00bb#000000&Prime; video_opacity=\u00a0\u00bb0.3&Prime; min_height=\u00a0\u00bb400&Prime; js_vertical_centered=\u00a0\u00bbtrue\u00a0\u00bb padding_top=\u00a0\u00bb0&Prime; padding_bottom=\u00a0\u00bb0&Prime; sidebar=\u00a0\u00bbsidebar-1&Prime;][vc_column width=\u00a0\u00bb1\/2&Prime;][mk_padding_divider size=\u00a0\u00bb150&Prime; visibility=\u00a0\u00bbhidden-sm\u00a0\u00bb][mk_fancy_title tag_name=\u00a0\u00bbspan\u00a0\u00bb color=\u00a0\u00bb#ffffff\u00a0\u00bb size=\u00a0\u00bb44&Prime; force_font_size=\u00a0\u00bbtrue\u00a0\u00bb size_tablet=\u00a0\u00bb36&Prime; size_phone=\u00a0\u00bb30&Prime; font_weight=\u00a0\u00bbbold\u00a0\u00bb txt_transform=\u00a0\u00bbnone\u00a0\u00bb margin_bottom=\u00a0\u00bb0&Prime; font_family=\u00a0\u00bbnone\u00a0\u00bb animation=\u00a0\u00bbleft-to-right\u00a0\u00bb]Vous avez parfois plus de choses que d\u2019espace[\/mk_fancy_title][mk_button dimension=\u00a0\u00bbflat\u00a0\u00bb size=\u00a0\u00bblarge\u00a0\u00bb url=\u00a0\u00bb\/fr\/joindre-demenagement-stc-montreal-rive-sud\/\u00a0\u00bb bg_color=\u00a0\u00bb#ff6100&Prime; btn_hover_bg=\u00a0\u00bb#332756&Prime; btn_hover_txt_color=\u00a0\u00bb#ffffff\u00a0\u00bb]Optez pour nos solutions d\u2019entreposage[\/mk_button][mk_button dimension=\u00a0\u00bbflat\u00a0\u00bb size=\u00a0\u00bblarge\u00a0\u00bb url=\u00a0\u00bbtel:+14388770455&Prime; visibility=\u00a0\u00bbvisible-sm\u00a0\u00bb bg_color=\u00a0\u00bb#ff6100&Prime; btn_hover_bg=\u00a0\u00bb#332756&Prime; btn_hover_txt_color=\u00a0\u00bb#ffffff\u00a0\u00bb](438) 877-0455[\/mk_button][mk_padding_divider size=\u00a0\u00bb150&Prime; visibility=\u00a0\u00bbhidden-sm\u00a0\u00bb][\/vc_column][vc_column width=\u00a0\u00bb1\/2&Prime;][\/vc_column][\/mk_page_section][vc_row][vc_column][mk_padding_divider size=\u00a0\u00bb100&Prime;][\/vc_column][\/vc_row][vc_row][vc_column width=\u00a0\u00bb7\/12&Prime;][mk_padding_divider visibility=\u00a0\u00bbvisible-sm\u00a0\u00bb][mk_fancy_title tag_name=\u00a0\u00bbh1&Prime; color=\u00a0\u00bb#ff6100&Prime; size=\u00a0\u00bb22&Prime; font_weight=\u00a0\u00bb400&Prime; txt_transform=\u00a0\u00bbnone\u00a0\u00bb margin_bottom=\u00a0\u00bb0&Prime; font_family=\u00a0\u00bbnone\u00a0\u00bb animation=\u00a0\u00bbright-to-left\u00a0\u00bb]Unit\u00e9s d\u2019entreposage \u00e0 Montr\u00e9al et sur la Rive-Sud[\/mk_fancy_title][mk_divider style=\u00a0\u00bbthin_solid\u00a0\u00bb divider_width=\u00a0\u00bbcustom_width\u00a0\u00bb custom_width=\u00a0\u00bb50&Prime; align=\u00a0\u00bbleft\u00a0\u00bb thin_single_color=\u00a0\u00bb#ff6100&Prime; thickness=\u00a0\u00bb2&Prime; margin_top=\u00a0\u00bb10&Prime; visibility=\u00a0\u00bbhidden-sm\u00a0\u00bb animation=\u00a0\u00bbright-to-left\u00a0\u00bb][vc_column_text animation=\u00a0\u00bbright-to-left\u00a0\u00bb css=\u00a0\u00bb.vc_custom_1588080541054{margin-bottom: 0px !important;}\u00a0\u00bb]Si vous \u00eates entre deux domiciles, vous aurez probablement besoin d\u2019entreposer vos biens dans un endroit s\u00fbr. Si votre nouvelle habitation est moins spacieuse, il se peut que vous ne soyez pas pr\u00eat \u00e0 vendre ou \u00e0 donner les choses qui n\u2019y trouveront pas leur place. Peu importe la raison pour laquelle vous en avez besoin, un espace d\u2019entreposage peut vraiment s\u2019av\u00e9rer pratique lorsque vous voulez prot\u00e9ger et pr\u00e9server tout ce que vous avez acquis au fil des ans.<\/p>\n<p>Bien s\u00fbr, vous pourriez \u00eatre en mesure de r\u00e9partir vos choses entre quelques amis ou dans le sous-sol de vos parents, mais ce n\u2019est certainement pas id\u00e9al. Vous devrez les d\u00e9m\u00e9nager, trouver l\u2019espace appropri\u00e9 et d\u00e9cider o\u00f9 et quand vous irez tout porter.<\/p>\n<p>Pensez-y. Tout d\u2019abord, vous ne voulez pas \u00e9parpiller vos biens et devoir coordonner tout le ramassage une fois que vous \u00eates pr\u00eat \u00e0 tout r\u00e9cup\u00e9rer. C\u2019est du travail et de la coordination sur lesquels vous n\u2019avez tout simplement pas besoin de vous concentrer. Deuxi\u00e8mement, vous ne voulez pas risquer de vous blesser au dos, de blesser vos amis ou de briser des objets co\u00fbteux en essayant de tout d\u00e9m\u00e9nager vous-m\u00eame. Nous savons que vous \u00eates fort. Mais nous avons l\u2019\u00e9quipement et l\u2019exp\u00e9rience n\u00e9cessaires pour rendre la t\u00e2che plus facile et s\u00e9curitaire. Nous avons l\u2019habitude.<br \/>\n[\/vc_column_text][\/vc_column][vc_column width=\u00a0\u00bb5\/12&Prime;][vc_single_image image=\u00a0\u00bb994&Prime; img_size=\u00a0\u00bb800&#215;800&Prime;][\/vc_column][\/vc_row][vc_row][vc_column][mk_padding_divider size=\u00a0\u00bb100&Prime;][\/vc_column][\/vc_row][mk_page_section bg_color=\u00a0\u00bb#ff6100&Prime; blend_mode=\u00a0\u00bbmultiply\u00a0\u00bb bg_repeat=\u00a0\u00bbno-repeat\u00a0\u00bb min_height=\u00a0\u00bb140&Prime; sidebar=\u00a0\u00bbsidebar-1&Prime;][vc_column width=\u00a0\u00bb1\/4&Prime;][mk_padding_divider size=\u00a0\u00bb30&Prime; visibility=\u00a0\u00bbhidden-sm\u00a0\u00bb][vc_single_image image=\u00a0\u00bb1389&Prime; img_size=\u00a0\u00bb800&#215;800&Prime;][\/vc_column][vc_column width=\u00a0\u00bb3\/4&Prime;][mk_padding_divider size=\u00a0\u00bb30&Prime; visibility=\u00a0\u00bbhidden-sm\u00a0\u00bb][mk_fancy_title tag_name=\u00a0\u00bbh4&Prime; color=\u00a0\u00bb#ffffff\u00a0\u00bb size=\u00a0\u00bb28&Prime; force_font_size=\u00a0\u00bbtrue\u00a0\u00bb size_tablet=\u00a0\u00bb20&Prime; size_phone=\u00a0\u00bb25&Prime; font_weight=\u00a0\u00bbbold\u00a0\u00bb txt_transform=\u00a0\u00bbnone\u00a0\u00bb margin_top=\u00a0\u00bb40&Prime; margin_bottom=\u00a0\u00bb0&Prime; font_family=\u00a0\u00bbnone\u00a0\u00bb animation=\u00a0\u00bbleft-to-right\u00a0\u00bb]<span style=\"font-weight: 400;\">L\u2019entreposage temporaire simplifi\u00e9<\/span>[\/mk_fancy_title][vc_column_text animation=\u00a0\u00bbright-to-left\u00a0\u00bb css=\u00a0\u00bb.vc_custom_1596652565178{margin-bottom: 0px !important;}\u00a0\u00bb]<span style=\"font-weight: 400;\">Si vous avez besoin d\u2019espace pour ranger quelques (ou plusieurs!) objets, le conteneur peut s\u2019av\u00e9rer votre meilleure ami. Notre mini-conteneur fait 6&prime; x 4&prime; x 6&prime;. Commandez-le, remplissez-le (ou nous pouvons le faire pour vous), puis nous reviendrons le chercher, l\u2019entreposer et vous le rapporterons \u00e0 l\u2019adresse et au moment souhait\u00e9.\u00a0<\/span><\/p>\n<p><span style=\"font-weight: 400;\">Que ce soit pour faire le m\u00e9nage de votre garage ou pour un d\u00e9m\u00e9nagement \u00e0 venir, il s\u2019agit d\u2019une alternative rapide et accessible, qui se loue pour quelques semaines ou quelques mois.<\/span>[\/vc_column_text][mk_padding_divider visibility=\u00a0\u00bbvisible-sm\u00a0\u00bb][\/vc_column][\/mk_page_section][vc_row][vc_column][mk_padding_divider size=\u00a0\u00bb100&Prime;][\/vc_column][\/vc_row][vc_row][vc_column][mk_padding_divider visibility=\u00a0\u00bbvisible-sm\u00a0\u00bb][mk_fancy_title color=\u00a0\u00bb#ff6100&Prime; size=\u00a0\u00bb22&Prime; font_weight=\u00a0\u00bb400&Prime; txt_transform=\u00a0\u00bbnone\u00a0\u00bb margin_bottom=\u00a0\u00bb0&Prime; font_family=\u00a0\u00bbnone\u00a0\u00bb animation=\u00a0\u00bbright-to-left\u00a0\u00bb]Lorsqu\u2019il s\u2019agit d\u2019entreposage, Groupe STC est l\u00e0 pour vous! [\/mk_fancy_title][mk_divider style=\u00a0\u00bbthin_solid\u00a0\u00bb divider_width=\u00a0\u00bbcustom_width\u00a0\u00bb custom_width=\u00a0\u00bb50&Prime; align=\u00a0\u00bbleft\u00a0\u00bb thin_single_color=\u00a0\u00bb#ff6100&Prime; thickness=\u00a0\u00bb2&Prime; margin_top=\u00a0\u00bb10&Prime; visibility=\u00a0\u00bbhidden-sm\u00a0\u00bb animation=\u00a0\u00bbright-to-left\u00a0\u00bb][vc_column_text css=\u00a0\u00bb.vc_custom_1588080573567{margin-bottom: 0px !important;}\u00a0\u00bb]Renseignez-vous sur nos espaces d\u2019entreposage verrouill\u00e9s et chauffants offerts en diff\u00e9rentes tailles (5 x 5, 5 x 10, 10 x 10, 10 x 15). Le meilleur dans tout \u00e7a? Vos biens seront d\u00e9m\u00e9nag\u00e9s en toute s\u00e9curit\u00e9, entrepos\u00e9s et d\u00e9m\u00e9nag\u00e9s \u00e0 nouveau, une fois que vous serez pr\u00eat \u00e0 vous installer. Avec des installations d\u2019entreposage situ\u00e9es \u00e0 Montr\u00e9al et sur la Rive-Sud, nous offrons un acc\u00e8s facile \u00e0 la plupart des communaut\u00e9s en banlieue et dans la r\u00e9gion m\u00e9tropolitaine. Dites-nous simplement o\u00f9 vous vous trouvez et o\u00f9 vous allez.<\/p>\n<p>Veuillez noter que nous offrons \u00e9galement des conteneurs pour l\u2019entreposage \u00e0 court terme. Ils ne sont pas chauff\u00e9s, mais pratiques pour les besoins d\u2019entreposage temporaire.<\/p>\n<p>Nous nous faisons un devoir de rendre le d\u00e9m\u00e9nagement simple, sans tracas et s\u00e9curitaire pour tous les intervenants.<br \/>\n[\/vc_column_text][\/vc_column][\/vc_row][vc_row][vc_column][mk_padding_divider size=\u00a0\u00bb100&Prime;][\/vc_column][\/vc_row][vc_row][vc_column width=\u00a0\u00bb7\/12&Prime;][mk_padding_divider visibility=\u00a0\u00bbvisible-sm\u00a0\u00bb][mk_fancy_title color=\u00a0\u00bb#ff6100&Prime; size=\u00a0\u00bb22&Prime; font_weight=\u00a0\u00bb400&Prime; txt_transform=\u00a0\u00bbnone\u00a0\u00bb margin_bottom=\u00a0\u00bb0&Prime; font_family=\u00a0\u00bbnone\u00a0\u00bb animation=\u00a0\u00bbright-to-left\u00a0\u00bb]<strong>Vous vous demandez ce que vous pouvez mettre dans une unit\u00e9 d\u2019entreposage?<\/strong><br \/>\nVoyons quelques exemples :[\/mk_fancy_title][mk_divider style=\u00a0\u00bbthin_solid\u00a0\u00bb divider_width=\u00a0\u00bbcustom_width\u00a0\u00bb custom_width=\u00a0\u00bb50&Prime; align=\u00a0\u00bbleft\u00a0\u00bb thin_single_color=\u00a0\u00bb#ff6100&Prime; thickness=\u00a0\u00bb2&Prime; margin_top=\u00a0\u00bb10&Prime; visibility=\u00a0\u00bbhidden-sm\u00a0\u00bb animation=\u00a0\u00bbright-to-left\u00a0\u00bb][mk_custom_list animation=\u00a0\u00bbleft-to-right\u00a0\u00bb]\n<ul>\n<li><strong>5 x 5 (1,5 x 1,5 m)<\/strong><br \/>\nC\u2019est environ la taille d\u2019un placard ordinaire, ce qui pourrait accueillir de tr\u00e8s petits meubles ou quelques bo\u00eetes et des v\u00eatements.<\/li>\n<li><strong>5\u2019x10\u2019 (1,5 x 3 m)<\/strong><br \/>\nL\u2019\u00e9quivalent de ce que nous appelons un appartement 2 \u00bd au Qu\u00e9bec. Peut accueillir 4 \u00e9lectrom\u00e9nagers et quelques bo\u00eetes.<\/li>\n<li><strong>10\u2019 x 10\u2019 (3 x 3 m)<\/strong><br \/>\nEnviron l\u2019\u00e9quivalent de ce que vous pourriez poss\u00e9der dans un appartement 3 \u00bd, incluant 4 \u00e9lectrom\u00e9nagers de base et quelques bo\u00eetes.<\/li>\n<li><strong>10\u2019x15\u2019 (3 x 4,5 m)<\/strong><br \/>\nSi vous vivez dans un appartement de 4 \u00bd ou 5 \u00bd, cela devrait r\u00e9pondre \u00e0 vos besoins. Peut accueillir 4 \u00e9lectrom\u00e9nagers de base et plusieurs bo\u00eetes.<\/li>\n<\/ul>\n[\/mk_custom_list][\/vc_column][vc_column width=\u00a0\u00bb5\/12&Prime;][vc_column_text css=\u00a0\u00bb.vc_custom_1588080760560{margin-bottom: 0px !important;padding-top: 45px !important;padding-right: 20px !important;padding-bottom: 45px !important;padding-left: 20px !important;background-color: #332756 !important;}\u00a0\u00bb]\n<h2 style=\"color: white;\">CONSEIL IMPORTANT<\/h2>\n<p style=\"color: white;\">L\u2019utilisation de bo\u00eetes de m\u00eame taille nous permet d\u2019optimiser votre espace d\u2019entreposage afin de pouvoir accueillir davantage de vos effets personnels. Si nous nous occupons de l&#8217;emballage pour vous, nous nous assurons que cela est fait, mais si vous empaquetez vous-m\u00eame, essayez de vous rappeler de ce conseil, afin de pouvoir tirer le maximum de votre espace d\u2019entreposage. Notre \u00e9quipe s\u2019assurera ensuite que les meubles, les miroirs, les \u00e9lectrom\u00e9nagers et les autres effets personnels plus d\u00e9licats sont entrepos\u00e9s et prot\u00e9g\u00e9s ad\u00e9quatement et en toute s\u00e9curit\u00e9.<\/p>\n[\/vc_column_text][\/vc_column][\/vc_row][vc_row][vc_column][mk_padding_divider size=\u00a0\u00bb100&Prime;][\/vc_column][\/vc_row][mk_page_section bg_color=\u00a0\u00bb#ff6100&Prime; blend_mode=\u00a0\u00bbmultiply\u00a0\u00bb bg_repeat=\u00a0\u00bbno-repeat\u00a0\u00bb min_height=\u00a0\u00bb140&Prime; sidebar=\u00a0\u00bbsidebar-1&Prime;][vc_column width=\u00a0\u00bb2\/3&Prime;][mk_padding_divider visibility=\u00a0\u00bbvisible-sm\u00a0\u00bb][mk_fancy_title tag_name=\u00a0\u00bbh4&Prime; color=\u00a0\u00bb#ffffff\u00a0\u00bb size=\u00a0\u00bb28&Prime; force_font_size=\u00a0\u00bbtrue\u00a0\u00bb size_tablet=\u00a0\u00bb20&Prime; size_phone=\u00a0\u00bb25&Prime; font_weight=\u00a0\u00bbbold\u00a0\u00bb txt_transform=\u00a0\u00bbnone\u00a0\u00bb margin_top=\u00a0\u00bb40&Prime; margin_bottom=\u00a0\u00bb0&Prime; font_family=\u00a0\u00bbnone\u00a0\u00bb animation=\u00a0\u00bbleft-to-right\u00a0\u00bb]Need storage space shortly?[\/mk_fancy_title][mk_padding_divider visibility=\u00a0\u00bbvisible-sm\u00a0\u00bb][\/vc_column][vc_column width=\u00a0\u00bb1\/3&Prime;][mk_padding_divider size=\u00a0\u00bb30&Prime; visibility=\u00a0\u00bbhidden-sm\u00a0\u00bb][mk_button dimension=\u00a0\u00bbflat\u00a0\u00bb size=\u00a0\u00bblarge\u00a0\u00bb letter_spacing=\u00a0\u00bb1&Prime; url=\u00a0\u00bb\/contact-us\/\u00a0\u00bb align=\u00a0\u00bbright\u00a0\u00bb margin_bottom=\u00a0\u00bb0&Prime; margin_right=\u00a0\u00bb0&Prime; bg_color=\u00a0\u00bb#ffffff\u00a0\u00bb btn_hover_bg=\u00a0\u00bb#332756&Prime; text_color=\u00a0\u00bbdark\u00a0\u00bb btn_hover_txt_color=\u00a0\u00bb#ffffff\u00a0\u00bb]Contact us[\/mk_button][mk_padding_divider visibility=\u00a0\u00bbvisible-sm\u00a0\u00bb][\/vc_column][\/mk_page_section][vc_column width=\u00a0\u00bb5\/12&Prime;][\/vc_column]\n<\/section>","protected":false},"excerpt":{"rendered":"<p>[mk_page_section bg_image=\u00a0\u00bbhttps:\/\/stcmovers.com\/wp-content\/uploads\/entreposage-demenagement-stc-opt.jpg\u00a0\u00bb bg_position=\u00a0\u00bbleft bottom\u00a0\u00bb bg_repeat=\u00a0\u00bbno-repeat\u00a0\u00bb bg_stretch=\u00a0\u00bbtrue\u00a0\u00bb video_color_mask=\u00a0\u00bb#000000&Prime; video_opacity=\u00a0\u00bb0.3&Prime; min_height=\u00a0\u00bb400&Prime; js_vertical_centered=\u00a0\u00bbtrue\u00a0\u00bb padding_top=\u00a0\u00bb0&Prime; padding_bottom=\u00a0\u00bb0&Prime; sidebar=\u00a0\u00bbsidebar-1&Prime;][vc_column width=\u00a0\u00bb1\/2&Prime;][mk_padding_divider size=\u00a0\u00bb150&Prime; visibility=\u00a0\u00bbhidden-sm\u00a0\u00bb][mk_fancy_title tag_name=\u00a0\u00bbspan\u00a0\u00bb color=\u00a0\u00bb#ffffff\u00a0\u00bb size=\u00a0\u00bb44&Prime; force_font_size=\u00a0\u00bbtrue\u00a0\u00bb size_tablet=\u00a0\u00bb36&Prime; size_phone=\u00a0\u00bb30&Prime; font_weight=\u00a0\u00bbbold\u00a0\u00bb txt_transform=\u00a0\u00bbnone\u00a0\u00bb margin_bottom=\u00a0\u00bb0&Prime; font_family=\u00a0\u00bbnone\u00a0\u00bb animation=\u00a0\u00bbleft-to-right\u00a0\u00bb]Vous avez parfois plus de choses que d\u2019espace[\/mk_fancy_title][mk_button dimension=\u00a0\u00bbflat\u00a0\u00bb size=\u00a0\u00bblarge\u00a0\u00bb url=\u00a0\u00bb\/fr\/joindre-demenagement-stc-montreal-rive-sud\/\u00a0\u00bb bg_color=\u00a0\u00bb#ff6100&Prime; btn_hover_bg=\u00a0\u00bb#332756&Prime; btn_hover_txt_color=\u00a0\u00bb#ffffff\u00a0\u00bb]Optez pour nos solutions d\u2019entreposage[\/mk_button][mk_button dimension=\u00a0\u00bbflat\u00a0\u00bb size=\u00a0\u00bblarge\u00a0\u00bb url=\u00a0\u00bbtel:+14388770455&Prime; visibility=\u00a0\u00bbvisible-sm\u00a0\u00bb bg_color=\u00a0\u00bb#ff6100&Prime; btn_hover_bg=\u00a0\u00bb#332756&Prime; btn_hover_txt_color=\u00a0\u00bb#ffffff\u00a0\u00bb](438) 877-0455[\/mk_button][mk_padding_divider size=\u00a0\u00bb150&Prime; visibility=\u00a0\u00bbhidden-sm\u00a0\u00bb][\/vc_column][vc_column width=\u00a0\u00bb1\/2&Prime;][\/vc_column][\/mk_page_section][vc_row][vc_column][mk_padding_divider [&hellip;]<\/p>\n","protected":false},"author":15,"featured_media":0,"parent":0,"menu_order":0,"comment_status":"closed","ping_status":"closed","template":"","meta":{"footnotes":""},"class_list":["post-981","page","type-page","status-publish","hentry"],"_links":{"self":[{"href":"https:\/\/stcmovers.com\/fr\/wp-json\/wp\/v2\/pages\/981","targetHints":{"allow":["GET"]}}],"collection":[{"href":"https:\/\/stcmovers.com\/fr\/wp-json\/wp\/v2\/pages"}],"about":[{"href":"https:\/\/stcmovers.com\/fr\/wp-json\/wp\/v2\/types\/page"}],"author":[{"embeddable":true,"href":"https:\/\/stcmovers.com\/fr\/wp-json\/wp\/v2\/users\/15"}],"replies":[{"embeddable":true,"href":"https:\/\/stcmovers.com\/fr\/wp-json\/wp\/v2\/comments?post=981"}],"version-history":[{"count":8,"href":"https:\/\/stcmovers.com\/fr\/wp-json\/wp\/v2\/pages\/981\/revisions"}],"predecessor-version":[{"id":1699,"href":"https:\/\/stcmovers.com\/fr\/wp-json\/wp\/v2\/pages\/981\/revisions\/1699"}],"wp:attachment":[{"href":"https:\/\/stcmovers.com\/fr\/wp-json\/wp\/v2\/media?parent=981"}],"curies":[{"name":"wp","href":"https:\/\/api.w.org\/{rel}","templated":true}]}}